{"id":15730,"date":"2023-09-11T13:28:13","date_gmt":"2023-09-11T13:28:13","guid":{"rendered":"https:\/\/kasima.lt\/product\/traktorius-john-deere-6215r-2\/"},"modified":"2025-10-29T08:31:49","modified_gmt":"2025-10-29T08:31:49","slug":"traktorius-john-deere-6215r-2","status":"publish","type":"product","link":"https:\/\/kasima3.bcapps.lt\/lv\/produktas\/traktorius-john-deere-6215r-2\/","title":{"rendered":"Traktors John Deere 6215R"},"content":{"rendered":"<p>Izgatavo\u0161anas gads 2017<br \/>\nLietuv\u0101 nedarbojas<\/p>\n<p>Dzin\u0113ja stundu skaits 8410<br \/>\nDzin\u0113ja jauda 215 ZS<br \/>\nP\u0101rnesumk\u0101rba: AutoPower IVT<br \/>\n\u0100trums 55 km\/h<br \/>\nHidraulisk\u0101s l\u012bnijas 5 p\u0101ri<br \/>\nPneimobremzes<br \/>\nHidraulisk\u0101s bremzes<br \/>\nKab\u012bnes amortiz\u0101cija<br \/>\nHidraulisk\u0101 piekabes sakabe<br \/>\nHidraulisk\u0101 aizmugur\u0113j\u0101 sakabe<br \/>\nPriek\u0161\u0113j\u0101 tilta amortiz\u0101cija<br \/>\nPriek\u0161\u0113j\u0101 balstiek\u0101rta,<br \/>\nPriek\u0161\u0113jais kard\u0101nais v\u0101rpstas novad\u012bt\u0101js<br \/>\nPriek\u0161\u0113j\u0101s riepas 600\/70 &#8211; R28<br \/>\nAizmugur\u0113j\u0101s riepas 710\/70 &#8211; R42<br \/>\nAutotrack gatavs ar akt\u012bvu GEN 4 licenci<br \/>\nPremium gaismas pakete<br \/>\nEl. spogu\u013ci<br \/>\nGaisa s\u0113deklis<br \/>\nJumta logs<br \/>\nLiels monitors<\/p>\n","protected":false},"excerpt":{"rendered":"<p>Cena bez PVN<\/p>\n<p>Ra\u017eot\u0101js John Deere<br \/>\nModelis: 6215R<br \/>\nZvans: <a href=\"tel:+37067607071\">+37067607071<\/a><br \/>\nKontaktpersona: <a href=\"mailto:sales@kasima3.bcapps.lt\">sales@kasima3.bcapps.lt<\/a><\/p>\n","protected":false},"featured_media":16649,"template":"","meta":{"_et_pb_use_builder":"","_et_pb_old_content":"","_et_gb_content_width":""},"product_brand":[],"product_cat":[176],"product_tag":[],"class_list":{"0":"post-15730","1":"product","2":"type-product","3":"status-publish","4":"has-post-thumbnail","6":"product_cat-lauksaimnieciba","8":"first","9":"instock","10":"taxable","11":"shipping-taxable","12":"product-type-simple"},"_links":{"self":[{"href":"https:\/\/kasima3.bcapps.lt\/lv\/wp-json\/wp\/v2\/product\/15730","targetHints":{"allow":["GET"]}}],"collection":[{"href":"https:\/\/kasima3.bcapps.lt\/lv\/wp-json\/wp\/v2\/product"}],"about":[{"href":"https:\/\/kasima3.bcapps.lt\/lv\/wp-json\/wp\/v2\/types\/product"}],"wp:featuredmedia":[{"embeddable":true,"href":"https:\/\/kasima3.bcapps.lt\/lv\/wp-json\/wp\/v2\/media\/16649"}],"wp:attachment":[{"href":"https:\/\/kasima3.bcapps.lt\/lv\/wp-json\/wp\/v2\/media?parent=15730"}],"wp:term":[{"taxonomy":"product_brand","embeddable":true,"href":"https:\/\/kasima3.bcapps.lt\/lv\/wp-json\/wp\/v2\/product_brand?post=15730"},{"taxonomy":"product_cat","embeddable":true,"href":"https:\/\/kasima3.bcapps.lt\/lv\/wp-json\/wp\/v2\/product_cat?post=15730"},{"taxonomy":"product_tag","embeddable":true,"href":"https:\/\/kasima3.bcapps.lt\/lv\/wp-json\/wp\/v2\/product_tag?post=15730"}],"curies":[{"name":"wp","href":"https:\/\/api.w.org\/{rel}","templated":true}]}}