{"id":16564,"date":"2023-10-11T12:21:15","date_gmt":"2023-10-11T12:21:15","guid":{"rendered":"https:\/\/kasima.lt\/product\/wirtgen-ws250-augsnes-stabilizators\/"},"modified":"2025-10-29T08:31:49","modified_gmt":"2025-10-29T08:31:49","slug":"augsnes-stabilizacijas-iekarta-wirtgen-ws250","status":"publish","type":"product","link":"https:\/\/kasima3.bcapps.lt\/lv\/produktas\/augsnes-stabilizacijas-iekarta-wirtgen-ws250\/","title":{"rendered":"WIRTGEN WS250 augsnes stabilizators"},"content":{"rendered":"<p>WIRTGEN WS250 augsnes stabilizators<br \/>\n\u013boti labs st\u0101voklis<br \/>\nLietuv\u0101 nedarbojas<\/p>\n<p>Izgatavo\u0161anas gads &#8211; 2006<br \/>\nFr\u0113z\u0113\u0161anas platums &#8211; 2500 mm<br \/>\nDarba dzi\u013cums &#8211; 500 mm<br \/>\nFr\u0113z\u0113\u0161anas cilindrs &#8211; FB2500<br \/>\nAizmugur\u0113j\u0101 balstiek\u0101rta ar trim atbalsta punktiem<br \/>\nKard\u0101na v\u0101rpsta<br \/>\nMeh\u0101nisk\u0101 piedzi\u0146a no sadales v\u0101rpstas ar div\u0101m sp\u0113ka p\u0101rvades siksn\u0101m<br \/>\nGroz\u0101mie s\u0101nu pane\u013ci, kas uzst\u0101d\u012bti uz fr\u0113z\u0113\u0161anas un sajauk\u0161anas rotora korpusa.<br \/>\nFr\u0113z\u0113\u0161anas dzi\u013cuma aiztures<\/p>\n","protected":false},"excerpt":{"rendered":"<p>Cena bez PVN<\/p>\n<p>Ra\u017eot\u0101js: WIRTGEN<br \/>\nModelis: WS2500<br \/>\nZvans: <a href=\"tel:+37067607071\">+37067607071<\/a><br \/>\nKontaktpersona: <a href=\"mailto:sales@kasima3.bcapps.lt\">sales@kasima3.bcapps.lt<\/a><\/p>\n","protected":false},"featured_media":16525,"template":"","meta":{"_et_pb_use_builder":"","_et_pb_old_content":"","_et_gb_content_width":""},"product_brand":[],"product_cat":[149,219,220],"product_tag":[],"class_list":{"0":"post-16564","1":"product","2":"type-product","3":"status-publish","4":"has-post-thumbnail","6":"product_cat-buvnieciba","7":"product_cat-lietots","8":"product_cat-augsnes-stabilizatori-un-akmens-frezes","10":"first","11":"outofstock","12":"taxable","13":"shipping-taxable","14":"product-type-simple"},"_links":{"self":[{"href":"https:\/\/kasima3.bcapps.lt\/lv\/wp-json\/wp\/v2\/product\/16564","targetHints":{"allow":["GET"]}}],"collection":[{"href":"https:\/\/kasima3.bcapps.lt\/lv\/wp-json\/wp\/v2\/product"}],"about":[{"href":"https:\/\/kasima3.bcapps.lt\/lv\/wp-json\/wp\/v2\/types\/product"}],"wp:featuredmedia":[{"embeddable":true,"href":"https:\/\/kasima3.bcapps.lt\/lv\/wp-json\/wp\/v2\/media\/16525"}],"wp:attachment":[{"href":"https:\/\/kasima3.bcapps.lt\/lv\/wp-json\/wp\/v2\/media?parent=16564"}],"wp:term":[{"taxonomy":"product_brand","embeddable":true,"href":"https:\/\/kasima3.bcapps.lt\/lv\/wp-json\/wp\/v2\/product_brand?post=16564"},{"taxonomy":"product_cat","embeddable":true,"href":"https:\/\/kasima3.bcapps.lt\/lv\/wp-json\/wp\/v2\/product_cat?post=16564"},{"taxonomy":"product_tag","embeddable":true,"href":"https:\/\/kasima3.bcapps.lt\/lv\/wp-json\/wp\/v2\/product_tag?post=16564"}],"curies":[{"name":"wp","href":"https:\/\/api.w.org\/{rel}","templated":true}]}}