{"id":16644,"date":"2023-10-20T14:22:39","date_gmt":"2023-10-20T14:22:39","guid":{"rendered":"https:\/\/kasima.lt\/product\/sniego-peilis-tellefsdal-k-3300\/"},"modified":"2025-10-29T08:31:50","modified_gmt":"2025-10-29T08:31:50","slug":"sniega-nazis-tellefsdal-k-3300","status":"publish","type":"product","link":"https:\/\/kasima3.bcapps.lt\/lv\/produktas\/sniega-nazis-tellefsdal-k-3300\/","title":{"rendered":"Sniega nazis TELLEFSDAL K-3300"},"content":{"rendered":"<p>Profesion\u0101ls sniega nazis TELLEFSDAL K-3300<br \/>\nPlatums 330 cm,<br \/>\nSvars 1000 kg.<br \/>\nPiem\u0113rots traktoriem, front\u0101lajiem iekr\u0101v\u0113jiem, kravas automa\u0161\u012bn\u0101m vai cit\u0101m ma\u0161\u012bn\u0101m.<br \/>\nNeat<\/p>\n<p>Lai ieg\u016btu vair\u0101k inform\u0101cijas, zvaniet vai rakstiet pa e-pastu. pa e-pastu uz \u0161\u0101du adresi<\/p>\n","protected":false},"excerpt":{"rendered":"<p>Cena bez PVN<\/p>\n<p>Ra\u017eot\u0101js.<br \/>\nModelis: K-3300<br \/>\nZvans: <a href=\"tel:+37067607071\">+37067607071<\/a><br \/>\nKontaktpersona: <a href=\"mailto:sales@kasima3.bcapps.lt\">sales@kasima3.bcapps.lt<\/a><\/p>\n","protected":false},"featured_media":16585,"template":"","meta":{"_et_pb_use_builder":"","_et_pb_old_content":"","_et_gb_content_width":""},"product_brand":[],"product_cat":[166,168,171,219,237],"product_tag":[],"class_list":{"0":"post-16644","1":"product","2":"type-product","3":"status-publish","4":"has-post-thumbnail","6":"product_cat-5-7-tonnas","7":"product_cat-7-10-tonnas","8":"product_cat-10-13-tonnas","9":"product_cat-lietots","10":"product_cat-citi-piederumi","12":"first","13":"instock","14":"taxable","15":"shipping-taxable","16":"product-type-simple"},"_links":{"self":[{"href":"https:\/\/kasima3.bcapps.lt\/lv\/wp-json\/wp\/v2\/product\/16644","targetHints":{"allow":["GET"]}}],"collection":[{"href":"https:\/\/kasima3.bcapps.lt\/lv\/wp-json\/wp\/v2\/product"}],"about":[{"href":"https:\/\/kasima3.bcapps.lt\/lv\/wp-json\/wp\/v2\/types\/product"}],"wp:featuredmedia":[{"embeddable":true,"href":"https:\/\/kasima3.bcapps.lt\/lv\/wp-json\/wp\/v2\/media\/16585"}],"wp:attachment":[{"href":"https:\/\/kasima3.bcapps.lt\/lv\/wp-json\/wp\/v2\/media?parent=16644"}],"wp:term":[{"taxonomy":"product_brand","embeddable":true,"href":"https:\/\/kasima3.bcapps.lt\/lv\/wp-json\/wp\/v2\/product_brand?post=16644"},{"taxonomy":"product_cat","embeddable":true,"href":"https:\/\/kasima3.bcapps.lt\/lv\/wp-json\/wp\/v2\/product_cat?post=16644"},{"taxonomy":"product_tag","embeddable":true,"href":"https:\/\/kasima3.bcapps.lt\/lv\/wp-json\/wp\/v2\/product_tag?post=16644"}],"curies":[{"name":"wp","href":"https:\/\/api.w.org\/{rel}","templated":true}]}}