{"id":17068,"date":"2023-11-17T13:05:59","date_gmt":"2023-11-17T13:05:59","guid":{"rendered":"https:\/\/kasima.lt\/product\/elektros-generatorius-himoinsa-hlw1-15-15kva-10kw\/"},"modified":"2025-10-29T08:31:50","modified_gmt":"2025-10-29T08:31:50","slug":"elektriskais-generators-himoinsa-hlw1-15-15kva-10kw","status":"publish","type":"product","link":"https:\/\/kasima3.bcapps.lt\/lv\/produktas\/elektriskais-generators-himoinsa-hlw1-15-15kva-10kw\/","title":{"rendered":"Elektriskais \u0123enerators HIMOINSA HLW1-15. 15KVA-10KW"},"content":{"rendered":"<p><iframe loading=\"lazy\" title=\"Generatorius Himoinsa 15 KVA\" width=\"1080\" height=\"608\" src=\"https:\/\/www.youtube.com\/embed\/vbocbnOGbnc?feature=oembed\"  allow=\"accelerometer; autoplay; clipboard-write; encrypted-media; gyroscope; picture-in-picture; web-share\" referrerpolicy=\"strict-origin-when-cross-origin\" allowfullscreen><\/iframe> <\/p>\n<p>D\u012bze\u013c\u0123enerators \u013coti lab\u0101 st\u0101vokl\u012b<br \/>\nRa\u017eot\u0101js: HIMOINSA, Sp\u0101nija<br \/>\nModelis: HLW1-15<br \/>\nRa\u017eo\u0161anas gads: 2007<br \/>\nJauda: 15 kva &#8211; 10 Kw<br \/>\nSpriegums: 230\/400 V<br \/>\nDzin\u0113js: Lombardini<br \/>\n\u0122enerators Stamford<br \/>\nIntegr\u0113t\u0101 degvielas tvertne  <\/p>\n","protected":false},"excerpt":{"rendered":"<p>Cena bez PVN<\/p>\n<p>Ra\u017eot\u0101js: HIMOINSA<br \/>\nModelis: HLW1-15<br \/>\nZvans: <a href=\"tel:+37067607071\">+37067607071<\/a><br \/>\nKontaktpersona: <a href=\"mailto:sales@kasima3.bcapps.lt\">sales@kasima3.bcapps.lt<\/a><\/p>\n","protected":false},"featured_media":16994,"template":"","meta":{"_et_pb_use_builder":"","_et_pb_old_content":"","_et_gb_content_width":""},"product_brand":[],"product_cat":[149],"product_tag":[],"class_list":{"0":"post-17068","1":"product","2":"type-product","3":"status-publish","4":"has-post-thumbnail","6":"product_cat-buvnieciba","8":"first","9":"instock","10":"taxable","11":"shipping-taxable","12":"product-type-simple"},"_links":{"self":[{"href":"https:\/\/kasima3.bcapps.lt\/lv\/wp-json\/wp\/v2\/product\/17068","targetHints":{"allow":["GET"]}}],"collection":[{"href":"https:\/\/kasima3.bcapps.lt\/lv\/wp-json\/wp\/v2\/product"}],"about":[{"href":"https:\/\/kasima3.bcapps.lt\/lv\/wp-json\/wp\/v2\/types\/product"}],"wp:featuredmedia":[{"embeddable":true,"href":"https:\/\/kasima3.bcapps.lt\/lv\/wp-json\/wp\/v2\/media\/16994"}],"wp:attachment":[{"href":"https:\/\/kasima3.bcapps.lt\/lv\/wp-json\/wp\/v2\/media?parent=17068"}],"wp:term":[{"taxonomy":"product_brand","embeddable":true,"href":"https:\/\/kasima3.bcapps.lt\/lv\/wp-json\/wp\/v2\/product_brand?post=17068"},{"taxonomy":"product_cat","embeddable":true,"href":"https:\/\/kasima3.bcapps.lt\/lv\/wp-json\/wp\/v2\/product_cat?post=17068"},{"taxonomy":"product_tag","embeddable":true,"href":"https:\/\/kasima3.bcapps.lt\/lv\/wp-json\/wp\/v2\/product_tag?post=17068"}],"curies":[{"name":"wp","href":"https:\/\/api.w.org\/{rel}","templated":true}]}}