{"id":17451,"date":"2024-01-04T15:03:07","date_gmt":"2024-01-04T15:03:07","guid":{"rendered":"https:\/\/kasima.lt\/product\/hidraulinis-stabdziu-pedalas-volvo-ew160b\/"},"modified":"2025-10-29T08:31:50","modified_gmt":"2025-10-29T08:31:50","slug":"hidraulinis-stabdziu-pedalas-volvo-ew160b","status":"publish","type":"product","link":"https:\/\/kasima3.bcapps.lt\/lv\/produktas\/hidraulinis-stabdziu-pedalas-volvo-ew160b\/","title":{"rendered":"Hidrauliskais brem\u017eu ped\u0101lis Volvo EW160B"},"content":{"rendered":"<p>Hidrauliskais brem\u017eu ped\u0101lis Volvo EW160B<\/p>\n<p>VOE14373611<br \/>\nVOE11713160<br \/>\n162756\/NP SAFTM<\/p>\n","protected":false},"excerpt":{"rendered":"<p>Cena bez PVN<\/p>\n<p>Ra\u017eot\u0101js: Volvo<br \/>\nModelis: EW160B0015<br \/>\nZvans: <a href=\"tel:+37067607071\">+37067607071<\/a><br \/>\nKontaktpersona: <a href=\"mailto:sales@kasima3.bcapps.lt\">sales@kasima3.bcapps.lt<\/a><\/p>\n","protected":false},"featured_media":17427,"template":"","meta":{"_et_pb_use_builder":"","_et_pb_old_content":"","_et_gb_content_width":""},"product_brand":[],"product_cat":[398,318],"product_tag":[],"class_list":{"0":"post-17451","1":"product","2":"type-product","3":"status-publish","4":"has-post-thumbnail","6":"product_cat-volvo-dalas","7":"product_cat-lietotas-detalas","9":"first","10":"instock","11":"taxable","12":"shipping-taxable","13":"purchasable","14":"product-type-simple"},"_links":{"self":[{"href":"https:\/\/kasima3.bcapps.lt\/lv\/wp-json\/wp\/v2\/product\/17451","targetHints":{"allow":["GET"]}}],"collection":[{"href":"https:\/\/kasima3.bcapps.lt\/lv\/wp-json\/wp\/v2\/product"}],"about":[{"href":"https:\/\/kasima3.bcapps.lt\/lv\/wp-json\/wp\/v2\/types\/product"}],"wp:featuredmedia":[{"embeddable":true,"href":"https:\/\/kasima3.bcapps.lt\/lv\/wp-json\/wp\/v2\/media\/17427"}],"wp:attachment":[{"href":"https:\/\/kasima3.bcapps.lt\/lv\/wp-json\/wp\/v2\/media?parent=17451"}],"wp:term":[{"taxonomy":"product_brand","embeddable":true,"href":"https:\/\/kasima3.bcapps.lt\/lv\/wp-json\/wp\/v2\/product_brand?post=17451"},{"taxonomy":"product_cat","embeddable":true,"href":"https:\/\/kasima3.bcapps.lt\/lv\/wp-json\/wp\/v2\/product_cat?post=17451"},{"taxonomy":"product_tag","embeddable":true,"href":"https:\/\/kasima3.bcapps.lt\/lv\/wp-json\/wp\/v2\/product_tag?post=17451"}],"curies":[{"name":"wp","href":"https:\/\/api.w.org\/{rel}","templated":true}]}}