{"id":17796,"date":"2024-01-10T13:51:04","date_gmt":"2024-01-10T13:51:04","guid":{"rendered":"https:\/\/kasima.lt\/product\/ritenu-ekskavators-komatsu-pw148\/"},"modified":"2025-10-29T08:31:51","modified_gmt":"2025-10-29T08:31:51","slug":"ritenu-ekskavators-komatsu-pw148","status":"publish","type":"product","link":"https:\/\/kasima3.bcapps.lt\/lv\/produktas\/ritenu-ekskavators-komatsu-pw148\/","title":{"rendered":"Rite\u0146u ekskavators Komatsu PW148"},"content":{"rendered":"<p>Lietuv\u0101 nedarbojas<br \/>\nRa\u017eot\u0101js Komatsu<br \/>\nPW148 modelis<br \/>\nRa\u017eo\u0161anas gads 01\/2012<br \/>\nNeto svars 15000 kg<br \/>\nKomatsu dzin\u0113js<br \/>\nBuldozera nazis<br \/>\nAtbalsta k\u0101jas<br \/>\n\u0100trs savienojums<br \/>\nRoto tilts<br \/>\nMowing bucket function<br \/>\nPaletes dak\u0161as<br \/>\nCentr\u0101l\u0101 e\u013c\u013co\u0161ana<br \/>\nAutonom\u0101 apkure<br \/>\nAizmugures un s\u0101nu kameras<br \/>\nPapildu hidraulisk\u0101s l\u012bnijas<br \/>\nGaisa kondicion\u0113\u0161ana<\/p>\n<p>Ekskavators lab\u0101 st\u0101vokl\u012b..<\/p>\n<p>Lai uzzin\u0101tu vair\u0101k, zvaniet vai rakstiet e-pastu. pa e-pastu uz \u0161\u0101du adresi<\/p>\n","protected":false},"excerpt":{"rendered":"<p>Cena bez PVN<\/p>\n<p>Ra\u017eot\u0101js: KOMATSU<br \/>\nModelis: PW148<br \/>\nZvans: <a href=\"tel:+37067607071\">+37067607071<\/a><br \/>\nKontaktpersona: <a href=\"mailto:sales@kasima3.bcapps.lt\">sales@kasima3.bcapps.lt<\/a><\/p>\n","protected":false},"featured_media":17672,"template":"","meta":{"_et_pb_use_builder":"","_et_pb_old_content":"","_et_gb_content_width":""},"product_brand":[],"product_cat":[208,149,306],"product_tag":[],"class_list":{"0":"post-17796","1":"product","2":"type-product","3":"status-publish","4":"has-post-thumbnail","6":"product_cat-celu-buvnieciba","7":"product_cat-buvnieciba","8":"product_cat-komunals","10":"first","11":"instock","12":"taxable","13":"shipping-taxable","14":"product-type-simple"},"_links":{"self":[{"href":"https:\/\/kasima3.bcapps.lt\/lv\/wp-json\/wp\/v2\/product\/17796","targetHints":{"allow":["GET"]}}],"collection":[{"href":"https:\/\/kasima3.bcapps.lt\/lv\/wp-json\/wp\/v2\/product"}],"about":[{"href":"https:\/\/kasima3.bcapps.lt\/lv\/wp-json\/wp\/v2\/types\/product"}],"wp:featuredmedia":[{"embeddable":true,"href":"https:\/\/kasima3.bcapps.lt\/lv\/wp-json\/wp\/v2\/media\/17672"}],"wp:attachment":[{"href":"https:\/\/kasima3.bcapps.lt\/lv\/wp-json\/wp\/v2\/media?parent=17796"}],"wp:term":[{"taxonomy":"product_brand","embeddable":true,"href":"https:\/\/kasima3.bcapps.lt\/lv\/wp-json\/wp\/v2\/product_brand?post=17796"},{"taxonomy":"product_cat","embeddable":true,"href":"https:\/\/kasima3.bcapps.lt\/lv\/wp-json\/wp\/v2\/product_cat?post=17796"},{"taxonomy":"product_tag","embeddable":true,"href":"https:\/\/kasima3.bcapps.lt\/lv\/wp-json\/wp\/v2\/product_tag?post=17796"}],"curies":[{"name":"wp","href":"https:\/\/api.w.org\/{rel}","templated":true}]}}