{"id":17930,"date":"2024-01-23T13:04:47","date_gmt":"2024-01-23T13:04:47","guid":{"rendered":"https:\/\/kasima.lt\/product\/john-deere-6920s\/"},"modified":"2025-10-29T08:31:51","modified_gmt":"2025-10-29T08:31:51","slug":"john-deere-6920s","status":"publish","type":"product","link":"https:\/\/kasima3.bcapps.lt\/lv\/produktas\/john-deere-6920s\/","title":{"rendered":"John Deere 6920S"},"content":{"rendered":"<p>Lauksaimniec\u012bbas traktors John Deere 6920S<br \/>\nLietuv\u0101 nedarbojas<br \/>\nTraktors lab\u0101 tehnisk\u0101 st\u0101vokl\u012b<\/p>\n<p>Izgatavo\u0161anas gads 2006<br \/>\nDzin\u0113ja stundu skaits 7400<br \/>\nJauda 119,3 kw, 160 ZS.<br \/>\nFront\u0101lais iekr\u0101v\u0113ji<br \/>\nGaisa kondicion\u0113\u0161ana<br \/>\nPriek\u0161\u0113j\u0101s riepas Michelin 540\/65R28<br \/>\nAizmugur\u0113j\u0101s riepas Michelin 650\/65R38<\/p>\n<p>Daudzas citas priek\u0161roc\u012bbas<\/p>\n","protected":false},"excerpt":{"rendered":"<p>Cena bez PVN<\/p>\n<p>Ra\u017eot\u0101js John Deere<br \/>\nModelis: 6920S<br \/>\nZvans: <a href=\"tel:+37067607071\">+37067607071<\/a><br \/>\nKontaktpersona: <a href=\"mailto:sales@kasima3.bcapps.lt\">sales@kasima3.bcapps.lt<\/a><\/p>\n","protected":false},"featured_media":17811,"template":"","meta":{"_et_pb_use_builder":"","_et_pb_old_content":"","_et_gb_content_width":""},"product_brand":[],"product_cat":[176],"product_tag":[],"class_list":{"0":"post-17930","1":"product","2":"type-product","3":"status-publish","4":"has-post-thumbnail","6":"product_cat-lauksaimnieciba","8":"first","9":"instock","10":"taxable","11":"shipping-taxable","12":"product-type-simple"},"_links":{"self":[{"href":"https:\/\/kasima3.bcapps.lt\/lv\/wp-json\/wp\/v2\/product\/17930","targetHints":{"allow":["GET"]}}],"collection":[{"href":"https:\/\/kasima3.bcapps.lt\/lv\/wp-json\/wp\/v2\/product"}],"about":[{"href":"https:\/\/kasima3.bcapps.lt\/lv\/wp-json\/wp\/v2\/types\/product"}],"wp:featuredmedia":[{"embeddable":true,"href":"https:\/\/kasima3.bcapps.lt\/lv\/wp-json\/wp\/v2\/media\/17811"}],"wp:attachment":[{"href":"https:\/\/kasima3.bcapps.lt\/lv\/wp-json\/wp\/v2\/media?parent=17930"}],"wp:term":[{"taxonomy":"product_brand","embeddable":true,"href":"https:\/\/kasima3.bcapps.lt\/lv\/wp-json\/wp\/v2\/product_brand?post=17930"},{"taxonomy":"product_cat","embeddable":true,"href":"https:\/\/kasima3.bcapps.lt\/lv\/wp-json\/wp\/v2\/product_cat?post=17930"},{"taxonomy":"product_tag","embeddable":true,"href":"https:\/\/kasima3.bcapps.lt\/lv\/wp-json\/wp\/v2\/product_tag?post=17930"}],"curies":[{"name":"wp","href":"https:\/\/api.w.org\/{rel}","templated":true}]}}