{"id":17981,"date":"2024-01-26T08:00:56","date_gmt":"2024-01-26T08:00:56","guid":{"rendered":"https:\/\/kasima.lt\/product\/elektros-generatorius-armak-arj-200\/"},"modified":"2025-10-29T08:31:51","modified_gmt":"2025-10-29T08:31:51","slug":"elektros-generatorius-armak-arj-200","status":"publish","type":"product","link":"https:\/\/kasima3.bcapps.lt\/lv\/produktas\/elektros-generatorius-armak-arj-200\/","title":{"rendered":"Elektriskais \u0123enerators ARMAK ARJ-200"},"content":{"rendered":"<p>Ra\u017eot\u0101js: ARMAK<br \/>\nModelis: ARJ-200<br \/>\nSt\u0101voklis: Jauns<br \/>\nKontrolieris: Datakom D-500<br \/>\nTie\u0161saistes uzraudz\u012bba: pieejama<br \/>\nGSM piep\u016ble: J\u0101<br \/>\nAutom\u0101tisk\u0101 iedarbin\u0101\u0161anas sist\u0113ma: j\u0101<br \/>\nT\u012bkla izv\u0113le: J\u0101<br \/>\nJauda Kva: 200<br \/>\nGalia Kw: 160<br \/>\nSpriegums: 230\/400 V<br \/>\nPosmu skaits: 3<br \/>\nFrekvence: 50 Hz<br \/>\nDzin\u0113js: Riccardo<br \/>\n\u0122enerators: ARA-200<br \/>\nDzin\u0113ja iesild\u012b\u0161ana: J\u0100<\/p>\n<p>Degvielas pat\u0113ri\u0146\u0161 litros stund\u0101 (provizoriski):<br \/>\nSlodze 100% &#8211; 40 l\/h.<br \/>\nSlodze 70% &#8211; 30 l\/h.<br \/>\nSlodze 50% &#8211; 20 l\/h.<br \/>\nDegvielas tvertnes tilpums: 390 l.<\/p>\n<p>\u0122eneratora izm\u0113ri:<br \/>\nGarums 285 cm,<br \/>\nPlatums 100 cm,<br \/>\nAugstums 175 cm,<br \/>\nSvars 1800 kg.<\/p>\n","protected":false},"excerpt":{"rendered":"<p>Cena bez PVN<\/p>\n<p>Ra\u017eot\u0101js: ARMAK<br \/>\nModelis: ARJ-200<br \/>\nZvans: <a href=\"tel:+37067607071\">+37067607071<\/a><br \/>\nKontaktpersona: <a href=\"mailto:sales@kasima3.bcapps.lt\">sales@kasima3.bcapps.lt<\/a><\/p>\n","protected":false},"featured_media":17942,"template":"","meta":{"_et_pb_use_builder":"","_et_pb_old_content":"","_et_gb_content_width":""},"product_brand":[],"product_cat":[150,475],"product_tag":[],"class_list":{"0":"post-17981","1":"product","2":"type-product","3":"status-publish","4":"has-post-thumbnail","6":"product_cat-cita-tehnika","7":"product_cat-generatoriai-lv","9":"first","10":"instock","11":"sale","12":"taxable","13":"shipping-taxable","14":"purchasable","15":"product-type-simple"},"_links":{"self":[{"href":"https:\/\/kasima3.bcapps.lt\/lv\/wp-json\/wp\/v2\/product\/17981","targetHints":{"allow":["GET"]}}],"collection":[{"href":"https:\/\/kasima3.bcapps.lt\/lv\/wp-json\/wp\/v2\/product"}],"about":[{"href":"https:\/\/kasima3.bcapps.lt\/lv\/wp-json\/wp\/v2\/types\/product"}],"wp:featuredmedia":[{"embeddable":true,"href":"https:\/\/kasima3.bcapps.lt\/lv\/wp-json\/wp\/v2\/media\/17942"}],"wp:attachment":[{"href":"https:\/\/kasima3.bcapps.lt\/lv\/wp-json\/wp\/v2\/media?parent=17981"}],"wp:term":[{"taxonomy":"product_brand","embeddable":true,"href":"https:\/\/kasima3.bcapps.lt\/lv\/wp-json\/wp\/v2\/product_brand?post=17981"},{"taxonomy":"product_cat","embeddable":true,"href":"https:\/\/kasima3.bcapps.lt\/lv\/wp-json\/wp\/v2\/product_cat?post=17981"},{"taxonomy":"product_tag","embeddable":true,"href":"https:\/\/kasima3.bcapps.lt\/lv\/wp-json\/wp\/v2\/product_tag?post=17981"}],"curies":[{"name":"wp","href":"https:\/\/api.w.org\/{rel}","templated":true}]}}