{"id":18058,"date":"2024-01-31T08:35:34","date_gmt":"2024-01-31T08:35:34","guid":{"rendered":"https:\/\/kasima.lt\/product\/volvo-ew160b-hidraulinis-voztuvas-su-rite-14373391-p01\/"},"modified":"2025-10-29T08:31:52","modified_gmt":"2025-10-29T08:31:52","slug":"volvo-ew160b-hidraulinis-voztuvas-su-rite-14373391-p01","status":"publish","type":"product","link":"https:\/\/kasima3.bcapps.lt\/lv\/produktas\/volvo-ew160b-hidraulinis-voztuvas-su-rite-14373391-p01\/","title":{"rendered":"Volvo EW160B hidrauliskais v\u0101rsts ar spoli (14373391-P01)"},"content":{"rendered":"<p>Hidrauliskais v\u0101rsts ar spoli Deta\u013cas kods VOE14373391-P01<\/p>\n","protected":false},"excerpt":{"rendered":"<p>Cena bez PVN Ra\u017eot\u0101js: VOLVO Modelis: EW160B0021 Zvans: <a href=\"tel:+37060842988\">+37060842988<\/a> E-pasts: <a href=\"mailto:usedparts@kasima3.bcapps.lt\">usedparts@kasima3.bcapps.lt<\/a><\/p>\n","protected":false},"featured_media":18054,"template":"","meta":{"_et_pb_use_builder":"","_et_pb_old_content":"","_et_gb_content_width":""},"product_brand":[],"product_cat":[398,490,458,318,452],"product_tag":[],"class_list":{"0":"post-18058","1":"product","2":"type-product","3":"status-publish","4":"has-post-thumbnail","6":"product_cat-volvo-dalas","7":"product_cat-elektronikas-dalas","8":"product_cat-citas-dalas","9":"product_cat-lietotas-detalas","10":"product_cat-celtniecibas-tehnikas-dalas","12":"first","13":"instock","14":"taxable","15":"shipping-taxable","16":"purchasable","17":"product-type-simple"},"_links":{"self":[{"href":"https:\/\/kasima3.bcapps.lt\/lv\/wp-json\/wp\/v2\/product\/18058","targetHints":{"allow":["GET"]}}],"collection":[{"href":"https:\/\/kasima3.bcapps.lt\/lv\/wp-json\/wp\/v2\/product"}],"about":[{"href":"https:\/\/kasima3.bcapps.lt\/lv\/wp-json\/wp\/v2\/types\/product"}],"wp:featuredmedia":[{"embeddable":true,"href":"https:\/\/kasima3.bcapps.lt\/lv\/wp-json\/wp\/v2\/media\/18054"}],"wp:attachment":[{"href":"https:\/\/kasima3.bcapps.lt\/lv\/wp-json\/wp\/v2\/media?parent=18058"}],"wp:term":[{"taxonomy":"product_brand","embeddable":true,"href":"https:\/\/kasima3.bcapps.lt\/lv\/wp-json\/wp\/v2\/product_brand?post=18058"},{"taxonomy":"product_cat","embeddable":true,"href":"https:\/\/kasima3.bcapps.lt\/lv\/wp-json\/wp\/v2\/product_cat?post=18058"},{"taxonomy":"product_tag","embeddable":true,"href":"https:\/\/kasima3.bcapps.lt\/lv\/wp-json\/wp\/v2\/product_tag?post=18058"}],"curies":[{"name":"wp","href":"https:\/\/api.w.org\/{rel}","templated":true}]}}