{"id":18370,"date":"2024-02-05T12:15:52","date_gmt":"2024-02-05T12:15:52","guid":{"rendered":"https:\/\/kasima.lt\/product\/tandeminis-volas-hamm-hd-075v-su-vibracijos-ir-virpesiu-bugnu\/"},"modified":"2025-10-29T08:31:52","modified_gmt":"2025-10-29T08:31:52","slug":"tandeminis-volas-hamm-hd-075v-su-vibracijos-ir-virpesiu-bugnu","status":"publish","type":"product","link":"https:\/\/kasima3.bcapps.lt\/lv\/produktas\/tandeminis-volas-hamm-hd-075v-su-vibracijos-ir-virpesiu-bugnu\/","title":{"rendered":"HAMM HD 075V tand\u0113ma veltnis ar vibr\u0101cijas un sv\u0101rst\u012bbu cilindru"},"content":{"rendered":"<p>HAMM HD 075V tand\u0113ma veltnis ar vibr\u0101cijas un sv\u0101rst\u012bbu cilindru<br \/>\nDarba svars ar kab\u012bni 7 960 kg<br \/>\nBungas platums 1 680 mm<br \/>\nMoto stundas 7027<br \/>\nIzgatavo\u0161anas gads 2006 <\/p>\n","protected":false},"excerpt":{"rendered":"<p>Cena bez PVN<\/p>\n<p>Ra\u017eot\u0101js: HAMM<br \/>\nModelis: HD 075V<br \/>\nZvans: <a href=\"tel:+37067607071\">+37067607071<\/a><br \/>\nKontaktpersona: <a href=\"mailto:sales@kasima3.bcapps.lt\">sales@kasima3.bcapps.lt<\/a><\/p>\n","protected":false},"featured_media":18271,"template":"","meta":{"_et_pb_use_builder":"","_et_pb_old_content":"","_et_gb_content_width":""},"product_brand":[],"product_cat":[208],"product_tag":[],"class_list":{"0":"post-18370","1":"product","2":"type-product","3":"status-publish","4":"has-post-thumbnail","6":"product_cat-celu-buvnieciba","8":"first","9":"instock","10":"taxable","11":"shipping-taxable","12":"product-type-simple"},"_links":{"self":[{"href":"https:\/\/kasima3.bcapps.lt\/lv\/wp-json\/wp\/v2\/product\/18370","targetHints":{"allow":["GET"]}}],"collection":[{"href":"https:\/\/kasima3.bcapps.lt\/lv\/wp-json\/wp\/v2\/product"}],"about":[{"href":"https:\/\/kasima3.bcapps.lt\/lv\/wp-json\/wp\/v2\/types\/product"}],"wp:featuredmedia":[{"embeddable":true,"href":"https:\/\/kasima3.bcapps.lt\/lv\/wp-json\/wp\/v2\/media\/18271"}],"wp:attachment":[{"href":"https:\/\/kasima3.bcapps.lt\/lv\/wp-json\/wp\/v2\/media?parent=18370"}],"wp:term":[{"taxonomy":"product_brand","embeddable":true,"href":"https:\/\/kasima3.bcapps.lt\/lv\/wp-json\/wp\/v2\/product_brand?post=18370"},{"taxonomy":"product_cat","embeddable":true,"href":"https:\/\/kasima3.bcapps.lt\/lv\/wp-json\/wp\/v2\/product_cat?post=18370"},{"taxonomy":"product_tag","embeddable":true,"href":"https:\/\/kasima3.bcapps.lt\/lv\/wp-json\/wp\/v2\/product_tag?post=18370"}],"curies":[{"name":"wp","href":"https:\/\/api.w.org\/{rel}","templated":true}]}}