{"id":18604,"date":"2024-02-08T12:58:19","date_gmt":"2024-02-08T12:58:19","guid":{"rendered":"https:\/\/kasima.lt\/product\/teleskopinis-krautuvas-jcb-536-70-agri-super-2\/"},"modified":"2025-10-29T08:31:52","modified_gmt":"2025-10-29T08:31:52","slug":"teleskopinis-krautuvas-jcb-536-70-agri-super-2","status":"publish","type":"product","link":"https:\/\/kasima3.bcapps.lt\/lv\/produktas\/teleskopinis-krautuvas-jcb-536-70-agri-super-2\/","title":{"rendered":"Teleskopiskais iekr\u0101v\u0113ji JCB 536-70 AGRI SUPER"},"content":{"rendered":"<p>Teleskopiskais iekr\u0101v\u0113ji JCB 536-70 AGRI SUPER \u013coti lab\u0101 st\u0101vokl\u012b<br \/>\nLietuv\u0101 nedarbojas<\/p>\n<p>Izgatavo\u0161anas gads 2015<br \/>\nDzin\u0113ja jauda 93 kw, 127 ZS<br \/>\nDzin\u0113ja darb\u012bbas stundu skaits 4640<br \/>\nCeltsp\u0113ja 3,6 tonnas<br \/>\nPacel\u0161anas augstums 7 metri<br \/>\nBrauk\u0161anas \u0101trums 40 km\/h<br \/>\nP\u0101rnesumu skaits &#8211; 6<br \/>\nHidraulisk\u0101s l\u012bnijas priek\u0161\u0101 un aizmugur\u0113<br \/>\nHidraulisk\u0101 piekabes sakabe<br \/>\nHidraulisk\u0101s bremzes aizmugur\u0113<br \/>\nGaisa kondicion\u0113\u0161ana<br \/>\nUzst\u0101d\u012bti svari<br \/>\nJaunas riepas<br \/>\nCits papildu apr\u012bkojums<\/p>\n<p><iframe loading=\"lazy\" title=\"JCB 536-70 Agri Super for sale!\" width=\"1080\" height=\"608\" src=\"https:\/\/www.youtube.com\/embed\/49qByPO-F8I?feature=oembed\"  allow=\"accelerometer; autoplay; clipboard-write; encrypted-media; gyroscope; picture-in-picture; web-share\" referrerpolicy=\"strict-origin-when-cross-origin\" allowfullscreen><\/iframe><\/p>\n","protected":false},"excerpt":{"rendered":"<p>Cena bez PVN<\/p>\n<p>Ra\u017eot\u0101js: jcb<br \/>\nModelis: 536-70 AGRI SUPER<br \/>\nZvans: <a href=\"tel:+37067607071\">+37067607071<\/a><br \/>\nKontaktpersona: <a href=\"mailto:sales@kasima3.bcapps.lt\">sales@kasima3.bcapps.lt<\/a><\/p>\n","protected":false},"featured_media":18678,"template":"","meta":{"_et_pb_use_builder":"","_et_pb_old_content":"","_et_gb_content_width":""},"product_brand":[],"product_cat":[149,176,150],"product_tag":[],"class_list":{"0":"post-18604","1":"product","2":"type-product","3":"status-publish","4":"has-post-thumbnail","6":"product_cat-buvnieciba","7":"product_cat-lauksaimnieciba","8":"product_cat-cita-tehnika","10":"first","11":"instock","12":"taxable","13":"shipping-taxable","14":"product-type-simple"},"_links":{"self":[{"href":"https:\/\/kasima3.bcapps.lt\/lv\/wp-json\/wp\/v2\/product\/18604","targetHints":{"allow":["GET"]}}],"collection":[{"href":"https:\/\/kasima3.bcapps.lt\/lv\/wp-json\/wp\/v2\/product"}],"about":[{"href":"https:\/\/kasima3.bcapps.lt\/lv\/wp-json\/wp\/v2\/types\/product"}],"wp:featuredmedia":[{"embeddable":true,"href":"https:\/\/kasima3.bcapps.lt\/lv\/wp-json\/wp\/v2\/media\/18678"}],"wp:attachment":[{"href":"https:\/\/kasima3.bcapps.lt\/lv\/wp-json\/wp\/v2\/media?parent=18604"}],"wp:term":[{"taxonomy":"product_brand","embeddable":true,"href":"https:\/\/kasima3.bcapps.lt\/lv\/wp-json\/wp\/v2\/product_brand?post=18604"},{"taxonomy":"product_cat","embeddable":true,"href":"https:\/\/kasima3.bcapps.lt\/lv\/wp-json\/wp\/v2\/product_cat?post=18604"},{"taxonomy":"product_tag","embeddable":true,"href":"https:\/\/kasima3.bcapps.lt\/lv\/wp-json\/wp\/v2\/product_tag?post=18604"}],"curies":[{"name":"wp","href":"https:\/\/api.w.org\/{rel}","templated":true}]}}