{"id":19118,"date":"2024-03-27T07:39:53","date_gmt":"2024-03-27T07:39:53","guid":{"rendered":"https:\/\/kasima.lt\/product\/hidraulines-zirkles-mustang-rh20\/"},"modified":"2025-10-29T08:31:52","modified_gmt":"2025-10-29T08:31:52","slug":"hidraulines-zirkles-mustang-rh20","status":"publish","type":"product","link":"https:\/\/kasima3.bcapps.lt\/lv\/produktas\/hidraulines-zirkles-mustang-rh20\/","title":{"rendered":"Hidraulisk\u0101s \u0161\u0137\u0113res MUSTANG RH20"},"content":{"rendered":"<p>Mustang RH20 Betona drupin\u0101t\u0101js 15-22 tonnu ekskavatoriem.<br \/>\nFiks\u0113t\u0101 apak\u0161\u0113j\u0101 un mobil\u0101 aug\u0161\u0113j\u0101 gr\u012bva.<br \/>\nIzgatavots no augstas nodilumiztur\u012bbas t\u0113rauda,<br \/>\nnazis armat\u016bras grie\u0161anai.<br \/>\nSmalcin\u0101t\u0101js grie\u017eas par 360\u00b0.<br \/>\nStandarta pl\u0101ksne adapterim.<br \/>\nGarums: 1940 mm<br \/>\nSvars: 1800 kg.<\/p>\n<p>Mums ir ar\u012b citu izm\u0113ru hidraulisk\u0101s \u0161\u0137\u0113res..<\/p>\n<p>Mums ir preces uz vietas, lai j\u016bs var\u0113tu s\u0101kt darbu p\u0113c iesp\u0113jas \u0101tr\u0101k.<\/p>\n<p>Ja nepiecie\u0161ams, m\u0113s varam izgatavot piekari j\u016bsu eso\u0161ajam apr\u012bkojumam.<\/p>\n<p>Lai uzzin\u0101tu vair\u0101k, l\u016bdzu, rakstiet vai zvaniet..<\/p>\n","protected":false},"excerpt":{"rendered":"<p>Cena bez PVN<\/p>\n<p>Ra\u017eot\u0101js:MUSTANG<br \/>\nModelis: RH20<br \/>\nZvans: <a href=\"tel:+37067607071\">+37067607071<\/a><br \/>\nKontaktpersona: <a href=\"mailto:sales@kasima3.bcapps.lt\">sales@kasima3.bcapps.lt<\/a><\/p>\n","protected":false},"featured_media":19114,"template":"","meta":{"_et_pb_use_builder":"","_et_pb_old_content":"","_et_gb_content_width":""},"product_brand":[],"product_cat":[229,247,185],"product_tag":[],"class_list":{"0":"post-19118","1":"product","2":"type-product","3":"status-publish","4":"has-post-thumbnail","6":"product_cat-16-20-tonnas","7":"product_cat-20-25-tonnas","8":"product_cat-ekskavators","10":"first","11":"instock","12":"taxable","13":"shipping-taxable","14":"product-type-simple"},"_links":{"self":[{"href":"https:\/\/kasima3.bcapps.lt\/lv\/wp-json\/wp\/v2\/product\/19118","targetHints":{"allow":["GET"]}}],"collection":[{"href":"https:\/\/kasima3.bcapps.lt\/lv\/wp-json\/wp\/v2\/product"}],"about":[{"href":"https:\/\/kasima3.bcapps.lt\/lv\/wp-json\/wp\/v2\/types\/product"}],"wp:featuredmedia":[{"embeddable":true,"href":"https:\/\/kasima3.bcapps.lt\/lv\/wp-json\/wp\/v2\/media\/19114"}],"wp:attachment":[{"href":"https:\/\/kasima3.bcapps.lt\/lv\/wp-json\/wp\/v2\/media?parent=19118"}],"wp:term":[{"taxonomy":"product_brand","embeddable":true,"href":"https:\/\/kasima3.bcapps.lt\/lv\/wp-json\/wp\/v2\/product_brand?post=19118"},{"taxonomy":"product_cat","embeddable":true,"href":"https:\/\/kasima3.bcapps.lt\/lv\/wp-json\/wp\/v2\/product_cat?post=19118"},{"taxonomy":"product_tag","embeddable":true,"href":"https:\/\/kasima3.bcapps.lt\/lv\/wp-json\/wp\/v2\/product_tag?post=19118"}],"curies":[{"name":"wp","href":"https:\/\/api.w.org\/{rel}","templated":true}]}}