{"id":19210,"date":"2024-03-27T14:57:46","date_gmt":"2024-03-27T14:57:46","guid":{"rendered":"https:\/\/kasima.lt\/product\/asfalto-freza-wirtgen-w50dc-2\/"},"modified":"2025-10-29T08:31:53","modified_gmt":"2025-10-29T08:31:53","slug":"asfalto-freza-wirtgen-w50dc-2","status":"publish","type":"product","link":"https:\/\/kasima3.bcapps.lt\/lv\/produktas\/asfalto-freza-wirtgen-w50dc-2\/","title":{"rendered":"Wirtgen W50DC asfalta griez\u0113js"},"content":{"rendered":"<p>Asfalta fr\u0113ze WIRTGEN W50DC,<br \/>\nRa\u017eo\u0161anas gads: 2007<br \/>\nKond\u012bcija: darba k\u0101rt\u012bb\u0101<br \/>\nDzin\u0113js: 125 ZS (92 kW)<br \/>\nMoto stundas: 4110<br \/>\nSvars bez kravas: 7500 kg,<br \/>\nFr\u0113z\u0113\u0161anas platums 500 mm,<br \/>\nDarba dzi\u013cums: 0 &#8211; 210 mm,<br \/>\nIetver hidraulisko izpl\u016bdes v\u0101rstu beramajiem produktiem.<\/p>\n<p>Lai uzzin\u0101tu vair\u0101k, l\u016bdzu, rakstiet vai zvaniet..<\/p>\n<p><iframe loading=\"lazy\" title=\"Wirtgen W50DC, 2007 FOR SALE!\" width=\"1080\" height=\"608\" src=\"https:\/\/www.youtube.com\/embed\/nLQNTUgJ-sU?start=2&#038;feature=oembed\"  allow=\"accelerometer; autoplay; clipboard-write; encrypted-media; gyroscope; picture-in-picture; web-share\" referrerpolicy=\"strict-origin-when-cross-origin\" allowfullscreen><\/iframe><\/p>\n","protected":false},"excerpt":{"rendered":"<p>Cena bez PVN<\/p>\n<p>Ra\u017eot\u0101js Wirtgen<br \/>\nModelis: W50DC<br \/>\nZvans: <a href=\"tel:+37067607071\">+37067607071<\/a><br \/>\nKontaktpersona: <a href=\"mailto:sales@kasima3.bcapps.lt\">sales@kasima3.bcapps.lt<\/a><\/p>\n","protected":false},"featured_media":19126,"template":"","meta":{"_et_pb_use_builder":"","_et_pb_old_content":"","_et_gb_content_width":""},"product_brand":[],"product_cat":[208,258],"product_tag":[],"class_list":{"0":"post-19210","1":"product","2":"type-product","3":"status-publish","4":"has-post-thumbnail","6":"product_cat-celu-buvnieciba","7":"product_cat-asfalta-griezejs","9":"first","10":"outofstock","11":"taxable","12":"shipping-taxable","13":"product-type-simple"},"_links":{"self":[{"href":"https:\/\/kasima3.bcapps.lt\/lv\/wp-json\/wp\/v2\/product\/19210","targetHints":{"allow":["GET"]}}],"collection":[{"href":"https:\/\/kasima3.bcapps.lt\/lv\/wp-json\/wp\/v2\/product"}],"about":[{"href":"https:\/\/kasima3.bcapps.lt\/lv\/wp-json\/wp\/v2\/types\/product"}],"wp:featuredmedia":[{"embeddable":true,"href":"https:\/\/kasima3.bcapps.lt\/lv\/wp-json\/wp\/v2\/media\/19126"}],"wp:attachment":[{"href":"https:\/\/kasima3.bcapps.lt\/lv\/wp-json\/wp\/v2\/media?parent=19210"}],"wp:term":[{"taxonomy":"product_brand","embeddable":true,"href":"https:\/\/kasima3.bcapps.lt\/lv\/wp-json\/wp\/v2\/product_brand?post=19210"},{"taxonomy":"product_cat","embeddable":true,"href":"https:\/\/kasima3.bcapps.lt\/lv\/wp-json\/wp\/v2\/product_cat?post=19210"},{"taxonomy":"product_tag","embeddable":true,"href":"https:\/\/kasima3.bcapps.lt\/lv\/wp-json\/wp\/v2\/product_tag?post=19210"}],"curies":[{"name":"wp","href":"https:\/\/api.w.org\/{rel}","templated":true}]}}