{"id":19333,"date":"2024-04-03T14:59:52","date_gmt":"2024-04-03T14:59:52","guid":{"rendered":"https:\/\/kasima.lt\/product\/krautuvas-mustang-2054\/"},"modified":"2025-10-29T08:31:53","modified_gmt":"2025-10-29T08:31:53","slug":"krautuvas-mustang-2054","status":"publish","type":"product","link":"https:\/\/kasima3.bcapps.lt\/lv\/produktas\/krautuvas-mustang-2054\/","title":{"rendered":"GEHL MUSTANG 2054"},"content":{"rendered":"<p>Lietots rite\u0146iekr\u0101v\u0113ji. Tehniski dro\u0161s, gatavs lieto\u0161anai. D\u012bze\u013cdzin\u0113js YANMAR 4TNV88 (2,19 L) Jauda 35 kW <br \/>Ra\u017eo\u0161anas gads 2014<br \/>Moto stundu skaits 1246<br \/>\u0100tr\u0101s sakabes darbar\u012bku meh\u0101nisk\u0101 sakabe<br \/>Kab\u012bnes s\u0101nu logi<br \/>Kab\u012bnes apsildes ventil\u0101cijas sist\u0113ma<br \/>Priek\u0161\u0113j\u0101s durvis ar priek\u0161\u0113jo un aizmugur\u0113jo logu t\u012br\u012bt\u0101jiem un mazg\u0101t\u0101ju<br \/>2 brauk\u0161anas \u0101trumi <br \/>Iepakojumu kauss un pale\u0161u dak\u0161as Tehniskie dati:<br \/>Darba svars 2900 kg<br \/>Celtsp\u0113ja 750 kg<br \/>Pacel\u0161anas augstums 2921 mm<br \/>Dzin\u0113js Yanmar, d\u012bze\u013cdegviela, 35 kW<\/p>\n<p><iframe loading=\"lazy\" title=\"Parduodamas mini krautuvas Mustang 2054\" width=\"1080\" height=\"608\" src=\"https:\/\/www.youtube.com\/embed\/zMK___zTwMw?feature=oembed\"  allow=\"accelerometer; autoplay; clipboard-write; encrypted-media; gyroscope; picture-in-picture; web-share\" referrerpolicy=\"strict-origin-when-cross-origin\" allowfullscreen><\/iframe><\/p>\n","protected":false},"excerpt":{"rendered":"<p>Cena bez PVN<\/p>\n<p>Ra\u017eot\u0101js:MUSTANG<br \/>Modelis: 2054<br \/>Zvaniet mums: <a href=\"tel:+37067607071\">+37067607071<\/a><br \/>E-pasts: <a href=\"mailto:sales@kasima3.bcapps.lt\">sales@kasima3.bcapps.lt<\/a><\/p>\n","protected":false},"featured_media":20480,"template":"","meta":{"_et_pb_use_builder":"","_et_pb_old_content":"","_et_gb_content_width":""},"product_brand":[],"product_cat":[208,149,306],"product_tag":[],"class_list":{"0":"post-19333","1":"product","2":"type-product","3":"status-publish","4":"has-post-thumbnail","6":"product_cat-celu-buvnieciba","7":"product_cat-buvnieciba","8":"product_cat-komunals","10":"first","11":"instock","12":"taxable","13":"shipping-taxable","14":"product-type-simple"},"_links":{"self":[{"href":"https:\/\/kasima3.bcapps.lt\/lv\/wp-json\/wp\/v2\/product\/19333","targetHints":{"allow":["GET"]}}],"collection":[{"href":"https:\/\/kasima3.bcapps.lt\/lv\/wp-json\/wp\/v2\/product"}],"about":[{"href":"https:\/\/kasima3.bcapps.lt\/lv\/wp-json\/wp\/v2\/types\/product"}],"wp:featuredmedia":[{"embeddable":true,"href":"https:\/\/kasima3.bcapps.lt\/lv\/wp-json\/wp\/v2\/media\/20480"}],"wp:attachment":[{"href":"https:\/\/kasima3.bcapps.lt\/lv\/wp-json\/wp\/v2\/media?parent=19333"}],"wp:term":[{"taxonomy":"product_brand","embeddable":true,"href":"https:\/\/kasima3.bcapps.lt\/lv\/wp-json\/wp\/v2\/product_brand?post=19333"},{"taxonomy":"product_cat","embeddable":true,"href":"https:\/\/kasima3.bcapps.lt\/lv\/wp-json\/wp\/v2\/product_cat?post=19333"},{"taxonomy":"product_tag","embeddable":true,"href":"https:\/\/kasima3.bcapps.lt\/lv\/wp-json\/wp\/v2\/product_tag?post=19333"}],"curies":[{"name":"wp","href":"https:\/\/api.w.org\/{rel}","templated":true}]}}