{"id":19676,"date":"2024-04-10T14:29:28","date_gmt":"2024-04-10T14:29:28","guid":{"rendered":"https:\/\/kasima.lt\/product\/asfalto-freza-wirtgen-w100f\/"},"modified":"2025-10-29T08:31:53","modified_gmt":"2025-10-29T08:31:53","slug":"asfalto-freza-wirtgen-w100f","status":"publish","type":"product","link":"https:\/\/kasima3.bcapps.lt\/lv\/produktas\/asfalto-freza-wirtgen-w100f\/","title":{"rendered":"Wirtgen W100F asfalta griez\u0113js"},"content":{"rendered":"<p>Asfalta fr\u0113z\u0113\u0161anas ma\u0161\u012bna WIRTGEN W100F,<br \/>\nB\u016bvniec\u012bbas gads: 2008<br \/>\nKond\u012bcija: darba k\u0101rt\u012bb\u0101<br \/>\nMoto stundas: 8390<br \/>\nSvars bez kravas: 18800 kg,<br \/>\nDzin\u0113js Cummins 209 kw .,<br \/>\nFr\u0113z\u0113\u0161anas platums 1000 mm,<br \/>\n\u0100tri no\u0146emams konveijers,<br \/>\nPirms sezonas tika nomain\u012bts fr\u0113z\u0113\u0161anas trumulis<br \/>\nJauni fr\u0113z\u0113\u0161anas zobi,<br \/>\nJauni slie\u017eu spilventi\u0146i.<\/p>\n<p><iframe loading=\"lazy\" title=\"Asphalt milling machine Wirtgen W100F, 2008 for sale\" width=\"1080\" height=\"608\" src=\"https:\/\/www.youtube.com\/embed\/zv-GcnBGXYY?feature=oembed\"  allow=\"accelerometer; autoplay; clipboard-write; encrypted-media; gyroscope; picture-in-picture; web-share\" referrerpolicy=\"strict-origin-when-cross-origin\" allowfullscreen><\/iframe><\/p>\n","protected":false},"excerpt":{"rendered":"<p>Cena bez PVN<\/p>\n<p>Ra\u017eot\u0101js: WIRTGEN<br \/>\nModelis: W100F<br \/>\nZvans: <a href=\"tel:+37067607071\">+37067607071<\/a><br \/>\nKontaktpersona: <a href=\"mailto:sales@kasima3.bcapps.lt\">sales@kasima3.bcapps.lt<\/a><\/p>\n","protected":false},"featured_media":19517,"template":"","meta":{"_et_pb_use_builder":"","_et_pb_old_content":"","_et_gb_content_width":""},"product_brand":[],"product_cat":[208,258],"product_tag":[],"class_list":{"0":"post-19676","1":"product","2":"type-product","3":"status-publish","4":"has-post-thumbnail","6":"product_cat-celu-buvnieciba","7":"product_cat-asfalta-griezejs","9":"first","10":"outofstock","11":"taxable","12":"shipping-taxable","13":"product-type-simple"},"_links":{"self":[{"href":"https:\/\/kasima3.bcapps.lt\/lv\/wp-json\/wp\/v2\/product\/19676","targetHints":{"allow":["GET"]}}],"collection":[{"href":"https:\/\/kasima3.bcapps.lt\/lv\/wp-json\/wp\/v2\/product"}],"about":[{"href":"https:\/\/kasima3.bcapps.lt\/lv\/wp-json\/wp\/v2\/types\/product"}],"wp:featuredmedia":[{"embeddable":true,"href":"https:\/\/kasima3.bcapps.lt\/lv\/wp-json\/wp\/v2\/media\/19517"}],"wp:attachment":[{"href":"https:\/\/kasima3.bcapps.lt\/lv\/wp-json\/wp\/v2\/media?parent=19676"}],"wp:term":[{"taxonomy":"product_brand","embeddable":true,"href":"https:\/\/kasima3.bcapps.lt\/lv\/wp-json\/wp\/v2\/product_brand?post=19676"},{"taxonomy":"product_cat","embeddable":true,"href":"https:\/\/kasima3.bcapps.lt\/lv\/wp-json\/wp\/v2\/product_cat?post=19676"},{"taxonomy":"product_tag","embeddable":true,"href":"https:\/\/kasima3.bcapps.lt\/lv\/wp-json\/wp\/v2\/product_tag?post=19676"}],"curies":[{"name":"wp","href":"https:\/\/api.w.org\/{rel}","templated":true}]}}