{"id":19835,"date":"2024-05-02T14:19:43","date_gmt":"2024-05-02T14:19:43","guid":{"rendered":"https:\/\/kasima.lt\/product\/medienos-giljotina-ksm-g-03\/"},"modified":"2025-10-29T08:31:53","modified_gmt":"2025-10-29T08:31:53","slug":"medienos-giljotina-ksm-g-03","status":"publish","type":"product","link":"https:\/\/kasima3.bcapps.lt\/lv\/produktas\/medienos-giljotina-ksm-g-03\/","title":{"rendered":"Giljot\u012bna kokam KSM G-03"},"content":{"rendered":"<p>Giljot\u012bna KSM G-03<br \/>\nIek\u0101rta ir paredz\u0113ta koku un kr\u016bmu cir\u0161anai un krau\u0161anai.<br \/>\nIztur\u012bga konstrukcija un viegla vad\u012bbas sist\u0113ma nodro\u0161ina ilgtsp\u0113ju un uzticam\u012bbu.<br \/>\nParedz\u0113ts darbam ar 3-5 tonnu ekskavatoru.<br \/>\nHidrauliskais spiediens 60 &#8211; 210 bar<br \/>\nHidraulisk\u0101s pl\u016bsmas \u0101trums 40 -95 l\/min<br \/>\nMaksim\u0101lais grie\u0161anas diametrs 150 mm<br \/>\nMaksim\u0101lais satv\u0113r\u0113ju atv\u0113rums 330 mm<br \/>\nSvars 180 kg. <\/p>\n","protected":false},"excerpt":{"rendered":"<p>Cena bez PVN<\/p>\n<p>Ra\u017eot\u0101js: KSM<br \/>\nModelis: G-03<br \/>\nZvans: <a href=\"tel:+37067607071\">+37067607071<\/a><br \/>\nKontaktpersona: <a href=\"mailto:sales@kasima3.bcapps.lt\">sales@kasima3.bcapps.lt<\/a><\/p>\n","protected":false},"featured_media":19831,"template":"","meta":{"_et_pb_use_builder":"","_et_pb_old_content":"","_et_gb_content_width":""},"product_brand":[],"product_cat":[154,237,222,185],"product_tag":[],"class_list":{"0":"post-19835","1":"product","2":"type-product","3":"status-publish","4":"has-post-thumbnail","6":"product_cat-3-5-tonnas","7":"product_cat-citi-piederumi","8":"product_cat-krumgriezi","9":"product_cat-ekskavators","11":"first","12":"instock","13":"taxable","14":"shipping-taxable","15":"purchasable","16":"product-type-simple"},"_links":{"self":[{"href":"https:\/\/kasima3.bcapps.lt\/lv\/wp-json\/wp\/v2\/product\/19835","targetHints":{"allow":["GET"]}}],"collection":[{"href":"https:\/\/kasima3.bcapps.lt\/lv\/wp-json\/wp\/v2\/product"}],"about":[{"href":"https:\/\/kasima3.bcapps.lt\/lv\/wp-json\/wp\/v2\/types\/product"}],"wp:featuredmedia":[{"embeddable":true,"href":"https:\/\/kasima3.bcapps.lt\/lv\/wp-json\/wp\/v2\/media\/19831"}],"wp:attachment":[{"href":"https:\/\/kasima3.bcapps.lt\/lv\/wp-json\/wp\/v2\/media?parent=19835"}],"wp:term":[{"taxonomy":"product_brand","embeddable":true,"href":"https:\/\/kasima3.bcapps.lt\/lv\/wp-json\/wp\/v2\/product_brand?post=19835"},{"taxonomy":"product_cat","embeddable":true,"href":"https:\/\/kasima3.bcapps.lt\/lv\/wp-json\/wp\/v2\/product_cat?post=19835"},{"taxonomy":"product_tag","embeddable":true,"href":"https:\/\/kasima3.bcapps.lt\/lv\/wp-json\/wp\/v2\/product_tag?post=19835"}],"curies":[{"name":"wp","href":"https:\/\/api.w.org\/{rel}","templated":true}]}}