{"id":19973,"date":"2024-05-03T11:36:02","date_gmt":"2024-05-03T11:36:02","guid":{"rendered":"https:\/\/kasima.lt\/product\/medienos-giljotina-ksm-g-180\/"},"modified":"2025-10-29T08:31:54","modified_gmt":"2025-10-29T08:31:54","slug":"medienos-giljotina-ksm-g-180","status":"publish","type":"product","link":"https:\/\/kasima3.bcapps.lt\/lv\/produktas\/medienos-giljotina-ksm-g-180\/","title":{"rendered":"Giljot\u012bna kokam KSM G-180"},"content":{"rendered":"<p>Iek\u0101rta ir paredz\u0113ta koku un kr\u016bmu cir\u0161anai un krau\u0161anai<br \/>\nIztur\u012bga konstrukcija un viegla vad\u012bbas sist\u0113ma nodro\u0161ina ilgtsp\u0113ju un uzticam\u012bbu.<\/p>\n<p>Paredz\u0113ts darbam ar 5-12 tonnu ekskavatoru.<br \/>\nHidrauliskais spiediens 120 &#8211; 210 bar<br \/>\nPl\u016bsmas \u0101trums 50 -120 l\/min<br \/>\nMaksim\u0101lais grie\u0161anas diametrs 180 mm<br \/>\nMaksim\u0101lais satv\u0113r\u0113ju atv\u0113rums 610 mm<br \/>\nSvars 255 kg. <\/p>\n","protected":false},"excerpt":{"rendered":"<p>Cena bez PVN<\/p>\n<p>Ra\u017eot\u0101js: KSM<br \/>\nModelis: G-180<br \/>\nZvans: <a href=\"tel:+37067607071\">+37067607071<\/a><br \/>\nKontaktpersona: <a href=\"mailto:sales@kasima3.bcapps.lt\">sales@kasima3.bcapps.lt<\/a><\/p>\n","protected":false},"featured_media":19969,"template":"","meta":{"_et_pb_use_builder":"","_et_pb_old_content":"","_et_gb_content_width":""},"product_brand":[],"product_cat":[306,166,168,171,185],"product_tag":[],"class_list":{"0":"post-19973","1":"product","2":"type-product","3":"status-publish","4":"has-post-thumbnail","6":"product_cat-komunals","7":"product_cat-5-7-tonnas","8":"product_cat-7-10-tonnas","9":"product_cat-10-13-tonnas","10":"product_cat-ekskavators","12":"first","13":"instock","14":"taxable","15":"shipping-taxable","16":"purchasable","17":"product-type-simple"},"_links":{"self":[{"href":"https:\/\/kasima3.bcapps.lt\/lv\/wp-json\/wp\/v2\/product\/19973","targetHints":{"allow":["GET"]}}],"collection":[{"href":"https:\/\/kasima3.bcapps.lt\/lv\/wp-json\/wp\/v2\/product"}],"about":[{"href":"https:\/\/kasima3.bcapps.lt\/lv\/wp-json\/wp\/v2\/types\/product"}],"wp:featuredmedia":[{"embeddable":true,"href":"https:\/\/kasima3.bcapps.lt\/lv\/wp-json\/wp\/v2\/media\/19969"}],"wp:attachment":[{"href":"https:\/\/kasima3.bcapps.lt\/lv\/wp-json\/wp\/v2\/media?parent=19973"}],"wp:term":[{"taxonomy":"product_brand","embeddable":true,"href":"https:\/\/kasima3.bcapps.lt\/lv\/wp-json\/wp\/v2\/product_brand?post=19973"},{"taxonomy":"product_cat","embeddable":true,"href":"https:\/\/kasima3.bcapps.lt\/lv\/wp-json\/wp\/v2\/product_cat?post=19973"},{"taxonomy":"product_tag","embeddable":true,"href":"https:\/\/kasima3.bcapps.lt\/lv\/wp-json\/wp\/v2\/product_tag?post=19973"}],"curies":[{"name":"wp","href":"https:\/\/api.w.org\/{rel}","templated":true}]}}