{"id":20266,"date":"2024-05-09T11:04:13","date_gmt":"2024-05-09T11:04:13","guid":{"rendered":"https:\/\/kasima.lt\/product\/greita-jungtis-60-290-172-s-45-45x430x290-hidrauline\/"},"modified":"2025-10-29T08:31:54","modified_gmt":"2025-10-29T08:31:54","slug":"greita-jungtis-60-290-172-s-45-45x430x290-hidrauline","status":"publish","type":"product","link":"https:\/\/kasima3.bcapps.lt\/lv\/produktas\/greita-jungtis-60-290-172-s-45-45x430x290-hidrauline\/","title":{"rendered":"\u0100tr\u0101 sakabe 60-290-172 \/ S-45 (45x430x290) Hidraulika"},"content":{"rendered":"<p>SPECIFIK\u0100CIJA<\/p>\n<p>Virs:<br \/>\nTapas diametrs: 60 mm.<br \/>\nAtt\u0101lums starp bultas tapu centriem: 290 mm.<br \/>\nEkskavatora str\u0113les platums: 172 mm.<br \/>\nAtt\u0101lums starp kausa aus\u012bm: 172 mm.<\/p>\n<p>Apak\u0161\u0113j\u0101 da\u013ca:<br \/>\nS-45 standarta savienot\u0101js;<br \/>\nTapas diametrs: 45 mm.<br \/>\nAtt\u0101lums starp str\u0113les tapu centriem: 430 mm.<br \/>\nEkskavatora str\u0113les platums: 290 mm.<br \/>\nAtt\u0101lums starp kausa aus\u012bm: 290 mm.<\/p>\n<p>Hidraulisko savienojumu komplekts, kas sast\u0101v no hidrauliskaj\u0101m \u0161\u013c\u016bten\u0113m, sadal\u012bt\u0101ja, savienojuma un cit\u0101m da\u013c\u0101m.<\/p>\n<p>Ekskavatora hidrauliskais blakus savienot\u0101js tiek izmantots ekskavatora kausu, urbju, hidraulisk\u0101 \u0101mura vai citu stiprin\u0101jumu \u0101trai nomai\u0146ai.<\/p>\n<p>PRE\u010cU PIEG\u0100DE:<br \/>\nMums ir preces uz vietas, lai j\u016bs var\u0113tu ierasties un apskat\u012bt t\u0101s kl\u0101tien\u0113.<br \/>\n\u0100tra pieg\u0101de uz j\u016bsu adresi.<\/p>\n","protected":false},"excerpt":{"rendered":"<p>Cena bez PVN<\/p>\n<p>Ra\u017eot\u0101js.<br \/>\nModelis: H 60-290-172 \/ S-45<br \/>\nZvans: <a href=\"tel:+37067607071\">+37067607071<\/a><br \/>\nKontaktpersona: <a href=\"mailto:sales@kasima3.bcapps.lt\">sales@kasima3.bcapps.lt<\/a><\/p>\n","protected":false},"featured_media":20207,"template":"","meta":{"_et_pb_use_builder":"","_et_pb_old_content":"","_et_gb_content_width":""},"product_brand":[],"product_cat":[166,283,185],"product_tag":[],"class_list":{"0":"post-20266","1":"product","2":"type-product","3":"status-publish","4":"has-post-thumbnail","6":"product_cat-5-7-tonnas","7":"product_cat-ekskavatoru-atrie-savienotaji","8":"product_cat-ekskavators","10":"first","11":"instock","12":"taxable","13":"shipping-taxable","14":"purchasable","15":"product-type-simple"},"_links":{"self":[{"href":"https:\/\/kasima3.bcapps.lt\/lv\/wp-json\/wp\/v2\/product\/20266","targetHints":{"allow":["GET"]}}],"collection":[{"href":"https:\/\/kasima3.bcapps.lt\/lv\/wp-json\/wp\/v2\/product"}],"about":[{"href":"https:\/\/kasima3.bcapps.lt\/lv\/wp-json\/wp\/v2\/types\/product"}],"wp:featuredmedia":[{"embeddable":true,"href":"https:\/\/kasima3.bcapps.lt\/lv\/wp-json\/wp\/v2\/media\/20207"}],"wp:attachment":[{"href":"https:\/\/kasima3.bcapps.lt\/lv\/wp-json\/wp\/v2\/media?parent=20266"}],"wp:term":[{"taxonomy":"product_brand","embeddable":true,"href":"https:\/\/kasima3.bcapps.lt\/lv\/wp-json\/wp\/v2\/product_brand?post=20266"},{"taxonomy":"product_cat","embeddable":true,"href":"https:\/\/kasima3.bcapps.lt\/lv\/wp-json\/wp\/v2\/product_cat?post=20266"},{"taxonomy":"product_tag","embeddable":true,"href":"https:\/\/kasima3.bcapps.lt\/lv\/wp-json\/wp\/v2\/product_tag?post=20266"}],"curies":[{"name":"wp","href":"https:\/\/api.w.org\/{rel}","templated":true}]}}