{"id":20814,"date":"2024-06-02T12:11:08","date_gmt":"2024-06-02T12:11:08","guid":{"rendered":"https:\/\/kasima.lt\/?post_type=product&#038;p=20814"},"modified":"2025-10-29T08:31:55","modified_gmt":"2025-10-29T08:31:55","slug":"ekskavators-komatsu-pc138us-11-2016-gads-copy","status":"publish","type":"product","link":"https:\/\/kasima3.bcapps.lt\/lv\/produktas\/ekskavators-komatsu-pc138us-11-2016-gads-copy\/","title":{"rendered":"Ekskavators Komatsu PC138US-11, 2016 gads"},"content":{"rendered":"<p>Komatsu PC138US-11<br \/>Ra\u017eots 2016. gad\u0101<br \/>Dzin\u0113ja stundu skaits 6740<br \/>Rototiltas Leica 3D GPS sist\u0113ma<br \/>2 kausi <br \/>Centr\u0101l\u0101 e\u013c\u013co\u0161ana<br \/>Kameras<br \/>Gaisa kondicionieris<br \/>Gl\u012bts, Lietuv\u0101 neekspluat\u0113ts, \u013coti labi apr\u012bkots ekskavators<br \/>S\u012bk\u0101ka inform\u0101cija pa t\u0101lruni. <\/p>\n","protected":false},"excerpt":{"rendered":"<p>Cena bez PVN<\/p>\n<p>Ra\u017eot\u0101js: Komatsu<br \/>Modelis: PC138US-11<br \/>Zvans: <a href=\"tel:+37067607071\">+37067607071<\/a><br \/>E-pasts: <a href=\"mailto:sales@kasima3.bcapps.lt\">sales@kasima3.bcapps.lt<\/a><\/p>\n","protected":false},"featured_media":21732,"template":"","meta":{"_et_pb_use_builder":"","_et_pb_old_content":"","_et_gb_content_width":""},"product_brand":[],"product_cat":[149],"product_tag":[],"class_list":{"0":"post-20814","1":"product","2":"type-product","3":"status-publish","4":"has-post-thumbnail","6":"product_cat-buvnieciba","8":"first","9":"instock","10":"taxable","11":"shipping-taxable","12":"product-type-simple"},"_links":{"self":[{"href":"https:\/\/kasima3.bcapps.lt\/lv\/wp-json\/wp\/v2\/product\/20814","targetHints":{"allow":["GET"]}}],"collection":[{"href":"https:\/\/kasima3.bcapps.lt\/lv\/wp-json\/wp\/v2\/product"}],"about":[{"href":"https:\/\/kasima3.bcapps.lt\/lv\/wp-json\/wp\/v2\/types\/product"}],"wp:featuredmedia":[{"embeddable":true,"href":"https:\/\/kasima3.bcapps.lt\/lv\/wp-json\/wp\/v2\/media\/21732"}],"wp:attachment":[{"href":"https:\/\/kasima3.bcapps.lt\/lv\/wp-json\/wp\/v2\/media?parent=20814"}],"wp:term":[{"taxonomy":"product_brand","embeddable":true,"href":"https:\/\/kasima3.bcapps.lt\/lv\/wp-json\/wp\/v2\/product_brand?post=20814"},{"taxonomy":"product_cat","embeddable":true,"href":"https:\/\/kasima3.bcapps.lt\/lv\/wp-json\/wp\/v2\/product_cat?post=20814"},{"taxonomy":"product_tag","embeddable":true,"href":"https:\/\/kasima3.bcapps.lt\/lv\/wp-json\/wp\/v2\/product_tag?post=20814"}],"curies":[{"name":"wp","href":"https:\/\/api.w.org\/{rel}","templated":true}]}}