{"id":20950,"date":"2024-06-06T15:09:51","date_gmt":"2024-06-06T15:09:51","guid":{"rendered":"https:\/\/kasima.lt\/product\/mini-krautuvas-case-410-2005\/"},"modified":"2025-10-29T08:31:55","modified_gmt":"2025-10-29T08:31:55","slug":"mini-krautuvas-case-410-2005","status":"publish","type":"product","link":"https:\/\/kasima3.bcapps.lt\/lv\/produktas\/mini-krautuvas-case-410-2005\/","title":{"rendered":"Mini iekr\u0101v\u0113ji CASE 410, 2005"},"content":{"rendered":"<p>CASE 410 mini iekr\u0101v\u0113ju Lietuv\u0101 neizmanto,<br \/>\n\u013boti sakopts ar mazu darba laiku<br \/>\nIzgatavo\u0161anas gads 2005<br \/>\nDzin\u0113ja jauda 37 Kw<br \/>\nKab\u012bnes logi<br \/>\nHidraulisk\u0101s l\u012bnijas<br \/>\nIetver iekrau\u0161anas kausu un pale\u0161u dak\u0161as.  <\/p>\n<p><iframe loading=\"lazy\" title=\"CASE 410, 2005 skid steer loader for sale\" width=\"1080\" height=\"608\" src=\"https:\/\/www.youtube.com\/embed\/vuy6FlB250Q?feature=oembed\"  allow=\"accelerometer; autoplay; clipboard-write; encrypted-media; gyroscope; picture-in-picture; web-share\" referrerpolicy=\"strict-origin-when-cross-origin\" allowfullscreen><\/iframe> <\/p>\n","protected":false},"excerpt":{"rendered":"<p>Cena bez PVN<\/p>\n<p>Ra\u017eot\u0101js: CASE<br \/>\nModelis: 410<br \/>\nZvans: <a href=\"tel:+37067607071\">+37067607071<\/a><br \/>\nKontaktpersona: <a href=\"mailto:sales@kasima3.bcapps.lt\">sales@kasima3.bcapps.lt<\/a><\/p>\n","protected":false},"featured_media":20831,"template":"","meta":{"_et_pb_use_builder":"","_et_pb_old_content":"","_et_gb_content_width":""},"product_brand":[],"product_cat":[149],"product_tag":[],"class_list":{"0":"post-20950","1":"product","2":"type-product","3":"status-publish","4":"has-post-thumbnail","6":"product_cat-buvnieciba","8":"first","9":"instock","10":"taxable","11":"shipping-taxable","12":"product-type-simple"},"_links":{"self":[{"href":"https:\/\/kasima3.bcapps.lt\/lv\/wp-json\/wp\/v2\/product\/20950","targetHints":{"allow":["GET"]}}],"collection":[{"href":"https:\/\/kasima3.bcapps.lt\/lv\/wp-json\/wp\/v2\/product"}],"about":[{"href":"https:\/\/kasima3.bcapps.lt\/lv\/wp-json\/wp\/v2\/types\/product"}],"wp:featuredmedia":[{"embeddable":true,"href":"https:\/\/kasima3.bcapps.lt\/lv\/wp-json\/wp\/v2\/media\/20831"}],"wp:attachment":[{"href":"https:\/\/kasima3.bcapps.lt\/lv\/wp-json\/wp\/v2\/media?parent=20950"}],"wp:term":[{"taxonomy":"product_brand","embeddable":true,"href":"https:\/\/kasima3.bcapps.lt\/lv\/wp-json\/wp\/v2\/product_brand?post=20950"},{"taxonomy":"product_cat","embeddable":true,"href":"https:\/\/kasima3.bcapps.lt\/lv\/wp-json\/wp\/v2\/product_cat?post=20950"},{"taxonomy":"product_tag","embeddable":true,"href":"https:\/\/kasima3.bcapps.lt\/lv\/wp-json\/wp\/v2\/product_tag?post=20950"}],"curies":[{"name":"wp","href":"https:\/\/api.w.org\/{rel}","templated":true}]}}