{"id":21168,"date":"2024-06-13T11:31:34","date_gmt":"2024-06-13T11:31:34","guid":{"rendered":"https:\/\/kasima.lt\/product\/teleskopinis-krautuvas-claas-scorpion-7030-vari-power\/"},"modified":"2025-10-29T08:31:55","modified_gmt":"2025-10-29T08:31:55","slug":"teleskopinis-krautuvas-claas-scorpion-7030-vari-power","status":"publish","type":"product","link":"https:\/\/kasima3.bcapps.lt\/lv\/produktas\/teleskopinis-krautuvas-claas-scorpion-7030-vari-power\/","title":{"rendered":"Teleskopiskais iekr\u0101v\u0113ji CLAAS SCORPION 7030 Vari Power"},"content":{"rendered":"<p>Izgatavo\u0161anas gads 2008<br \/>\nDzin\u0113js Deutz 88 kw<br \/>\nMoto stundas 6777<br \/>\nLietuv\u0101 netiek izmantots,  <\/p>\n<p>Celtsp\u0113ja: 3000 kg.<br \/>\nGaisa kondicion\u0113\u0161ana,<br \/>\nPacel\u0161anas augstums 7,1 metrs<br \/>\n\u0100trums 40 km\/h<br \/>\nHidraulisk\u0101 sakabe<br \/>\nHidraulisk\u0101s l\u012bnijas priek\u0161\u0101 un aizmugur\u0113<br \/>\nHidraulisk\u0101 piekabes sakabe aizmugur\u0113<br \/>\nHidraulisk\u0101s bremzes aizmugur\u0113<br \/>\nKomplekt\u0101 iek\u013cauts liela tilpuma spainis<br \/>\n<iframe loading=\"lazy\" title=\"Claas 7030 vario, 2008\" width=\"1080\" height=\"608\" src=\"https:\/\/www.youtube.com\/embed\/qs1hyrWotF8?start=1&#038;feature=oembed\"  allow=\"accelerometer; autoplay; clipboard-write; encrypted-media; gyroscope; picture-in-picture; web-share\" referrerpolicy=\"strict-origin-when-cross-origin\" allowfullscreen><\/iframe><\/p>\n","protected":false},"excerpt":{"rendered":"<p>Cena bez PVN<\/p>\n<p>Ra\u017eot\u0101js:CLAAS<br \/>\nModelis: CLAAS SCORPION 7030 Vari Power<br \/>\nZvans: <a href=\"tel:+37067607071\">+37067607071<\/a><br \/>\nKontaktpersona: <a href=\"mailto:sales@kasima3.bcapps.lt\">sales@kasima3.bcapps.lt<\/a><\/p>\n","protected":false},"featured_media":21907,"template":"","meta":{"_et_pb_use_builder":"","_et_pb_old_content":"","_et_gb_content_width":""},"product_brand":[],"product_cat":[176],"product_tag":[],"class_list":{"0":"post-21168","1":"product","2":"type-product","3":"status-publish","4":"has-post-thumbnail","6":"product_cat-lauksaimnieciba","8":"first","9":"outofstock","10":"taxable","11":"shipping-taxable","12":"product-type-simple"},"_links":{"self":[{"href":"https:\/\/kasima3.bcapps.lt\/lv\/wp-json\/wp\/v2\/product\/21168","targetHints":{"allow":["GET"]}}],"collection":[{"href":"https:\/\/kasima3.bcapps.lt\/lv\/wp-json\/wp\/v2\/product"}],"about":[{"href":"https:\/\/kasima3.bcapps.lt\/lv\/wp-json\/wp\/v2\/types\/product"}],"wp:featuredmedia":[{"embeddable":true,"href":"https:\/\/kasima3.bcapps.lt\/lv\/wp-json\/wp\/v2\/media\/21907"}],"wp:attachment":[{"href":"https:\/\/kasima3.bcapps.lt\/lv\/wp-json\/wp\/v2\/media?parent=21168"}],"wp:term":[{"taxonomy":"product_brand","embeddable":true,"href":"https:\/\/kasima3.bcapps.lt\/lv\/wp-json\/wp\/v2\/product_brand?post=21168"},{"taxonomy":"product_cat","embeddable":true,"href":"https:\/\/kasima3.bcapps.lt\/lv\/wp-json\/wp\/v2\/product_cat?post=21168"},{"taxonomy":"product_tag","embeddable":true,"href":"https:\/\/kasima3.bcapps.lt\/lv\/wp-json\/wp\/v2\/product_tag?post=21168"}],"curies":[{"name":"wp","href":"https:\/\/api.w.org\/{rel}","templated":true}]}}