{"id":21474,"date":"2024-06-19T11:19:48","date_gmt":"2024-06-19T11:19:48","guid":{"rendered":"https:\/\/kasima.lt\/product\/cnf-t45-mini-dumperis\/"},"modified":"2025-10-29T08:31:55","modified_gmt":"2025-10-29T08:31:55","slug":"cnf-t45-mini-dumperis","status":"publish","type":"product","link":"https:\/\/kasima3.bcapps.lt\/lv\/produktas\/cnf-t45-mini-dumperis\/","title":{"rendered":"CNF T45 mini pa\u0161izg\u0101z\u0113js"},"content":{"rendered":"<p>Ra\u017eo\u0161anas gads: 2023<br \/>Kond\u012bcija: Demonstr\u0101cijas versija<br \/>Motors: Honda GX200 ar starteri<br \/>Degvielas veids: benz\u012bns<br \/>P\u0101rnesumk\u0101rba: hidrostatisk\u0101<br \/>\u0100trums 2,5 km.\/h. 0,29 kub. m.<br \/>Hidraulisk\u0101 cilindra dro\u0161\u012bbas v\u0101rsti<br \/>Garums 140 cm.<br \/>Platums 68 cm.<br \/>Svars bez kravas 340 kg. <br \/>Celtsp\u0113ja 450 kg.<br \/>M\u0113s esam ofici\u0101lais d\u012bleris Lietuv\u0101, Latvij\u0101 un Igaunij\u0101. Garantija. P\u0113cp\u0101rdo\u0161anas serviss. Pieg\u0101de iesp\u0113jama uz j\u016bsu nor\u0101d\u012bto adresi.<br \/><iframe loading=\"lazy\" title=\"C&amp;F Minidumpers\" width=\"1080\" height=\"608\" src=\"https:\/\/www.youtube.com\/embed\/S8lD_0QgwgY?feature=oembed\"  allow=\"accelerometer; autoplay; clipboard-write; encrypted-media; gyroscope; picture-in-picture; web-share\" referrerpolicy=\"strict-origin-when-cross-origin\" allowfullscreen><\/iframe><\/p>\n","protected":false},"excerpt":{"rendered":"<p>Cena bez PVN<\/p>\n<p>Ra\u017eot\u0101js: CNF<br \/>Modelis: T45<br \/>Zvans: <a href=\"tel:+37067607071\">+37067607071<\/a><br \/>E-pasts: <a href=\"mailto:sales@kasima3.bcapps.lt\">sales@kasima3.bcapps.lt<\/a><\/p>\n","protected":false},"featured_media":21399,"template":"","meta":{"_et_pb_use_builder":"","_et_pb_old_content":"","_et_gb_content_width":""},"product_brand":[],"product_cat":[149],"product_tag":[],"class_list":{"0":"post-21474","1":"product","2":"type-product","3":"status-publish","4":"has-post-thumbnail","6":"product_cat-buvnieciba","8":"first","9":"instock","10":"sale","11":"taxable","12":"shipping-taxable","13":"purchasable","14":"product-type-simple"},"_links":{"self":[{"href":"https:\/\/kasima3.bcapps.lt\/lv\/wp-json\/wp\/v2\/product\/21474","targetHints":{"allow":["GET"]}}],"collection":[{"href":"https:\/\/kasima3.bcapps.lt\/lv\/wp-json\/wp\/v2\/product"}],"about":[{"href":"https:\/\/kasima3.bcapps.lt\/lv\/wp-json\/wp\/v2\/types\/product"}],"wp:featuredmedia":[{"embeddable":true,"href":"https:\/\/kasima3.bcapps.lt\/lv\/wp-json\/wp\/v2\/media\/21399"}],"wp:attachment":[{"href":"https:\/\/kasima3.bcapps.lt\/lv\/wp-json\/wp\/v2\/media?parent=21474"}],"wp:term":[{"taxonomy":"product_brand","embeddable":true,"href":"https:\/\/kasima3.bcapps.lt\/lv\/wp-json\/wp\/v2\/product_brand?post=21474"},{"taxonomy":"product_cat","embeddable":true,"href":"https:\/\/kasima3.bcapps.lt\/lv\/wp-json\/wp\/v2\/product_cat?post=21474"},{"taxonomy":"product_tag","embeddable":true,"href":"https:\/\/kasima3.bcapps.lt\/lv\/wp-json\/wp\/v2\/product_tag?post=21474"}],"curies":[{"name":"wp","href":"https:\/\/api.w.org\/{rel}","templated":true}]}}