{"id":22294,"date":"2024-07-02T08:30:12","date_gmt":"2024-07-02T08:30:12","guid":{"rendered":"https:\/\/kasima.lt\/product\/bobcat-s220-grandiniu-ir-zvaigzdziu-komplektas\/"},"modified":"2025-10-29T08:32:00","modified_gmt":"2025-10-29T08:32:00","slug":"bobcat-s220-grandiniu-ir-zvaigzdziu-komplektas","status":"publish","type":"product","link":"https:\/\/kasima3.bcapps.lt\/lv\/produktas\/bobcat-s220-grandiniu-ir-zvaigzdziu-komplektas\/","title":{"rendered":"Bobcat S220 \u0137\u0113des un zobrati\u0146a komplekts"},"content":{"rendered":"<p>Bobcat S220 \u0137\u0113des un zobrati\u0146a komplekts teicam\u0101 st\u0101vokl\u012b<br \/>\nKomplekt\u0101 ietilpst 4 zvaigznes un 4 \u0137\u0113des<br \/>\nRa\u017eot\u0101ja da\u013cas numurs:<br \/>\n7106862<br \/>\n7134153<br \/>\nTSUBAKI 120HBC \u0137\u0113de<\/p>\n","protected":false},"excerpt":{"rendered":"<p>Cena bez PVN<\/p>\n<p>Ra\u017eot\u0101js: Bobcat<br \/>\nModelis: S220BC0003<br \/>\nZvaniet: <a href=\"tel:+37060842988\">+37060842988<\/a><br \/>\nKontaktpersona: <a href=\"mailto:usedparts@kasima3.bcapps.lt\">usedparts@kasima3.bcapps.lt<\/a><\/p>\n","protected":false},"featured_media":22440,"template":"","meta":{"_et_pb_use_builder":"","_et_pb_old_content":"","_et_gb_content_width":""},"product_brand":[],"product_cat":[407,318,452],"product_tag":[],"class_list":{"0":"post-22294","1":"product","2":"type-product","3":"status-publish","4":"has-post-thumbnail","6":"product_cat-bobcat-dalas","7":"product_cat-lietotas-detalas","8":"product_cat-celtniecibas-tehnikas-dalas","10":"first","11":"instock","12":"taxable","13":"shipping-taxable","14":"purchasable","15":"product-type-simple"},"_links":{"self":[{"href":"https:\/\/kasima3.bcapps.lt\/lv\/wp-json\/wp\/v2\/product\/22294","targetHints":{"allow":["GET"]}}],"collection":[{"href":"https:\/\/kasima3.bcapps.lt\/lv\/wp-json\/wp\/v2\/product"}],"about":[{"href":"https:\/\/kasima3.bcapps.lt\/lv\/wp-json\/wp\/v2\/types\/product"}],"wp:featuredmedia":[{"embeddable":true,"href":"https:\/\/kasima3.bcapps.lt\/lv\/wp-json\/wp\/v2\/media\/22440"}],"wp:attachment":[{"href":"https:\/\/kasima3.bcapps.lt\/lv\/wp-json\/wp\/v2\/media?parent=22294"}],"wp:term":[{"taxonomy":"product_brand","embeddable":true,"href":"https:\/\/kasima3.bcapps.lt\/lv\/wp-json\/wp\/v2\/product_brand?post=22294"},{"taxonomy":"product_cat","embeddable":true,"href":"https:\/\/kasima3.bcapps.lt\/lv\/wp-json\/wp\/v2\/product_cat?post=22294"},{"taxonomy":"product_tag","embeddable":true,"href":"https:\/\/kasima3.bcapps.lt\/lv\/wp-json\/wp\/v2\/product_tag?post=22294"}],"curies":[{"name":"wp","href":"https:\/\/api.w.org\/{rel}","templated":true}]}}