{"id":22585,"date":"2024-07-03T12:40:20","date_gmt":"2024-07-03T12:40:20","guid":{"rendered":"https:\/\/kasima.lt\/?product=cat-paskirstymo-velenas"},"modified":"2025-10-29T08:32:04","modified_gmt":"2025-10-29T08:32:04","slug":"cat-paskirstymo-velenas","status":"publish","type":"product","link":"https:\/\/kasima3.bcapps.lt\/lv\/produktas\/cat-paskirstymo-velenas\/","title":{"rendered":"CAT sadales v\u0101rpsta"},"content":{"rendered":"<p>CAT sadales v\u0101rpsta<br \/>\nRa\u017eot\u0101ja da\u013cas numurs: 1334985<br \/>\nDeta\u013cas numurs: 7L005-0003<\/p>\n","protected":false},"excerpt":{"rendered":"<p>Cena bez PVN<\/p>\n<p>Ra\u017eot\u0101js: CAT<br \/>\nModelis: KND0003<br \/>\nZvaniet: <a href=\"tel:+37060842988\">+37060842988<\/a><br \/>\nKontaktpersona: <a href=\"mailto:usedparts@kasima3.bcapps.lt\">usedparts@kasima3.bcapps.lt<\/a><\/p>\n","protected":false},"featured_media":22571,"template":"","meta":{"_et_pb_use_builder":"","_et_pb_old_content":"","_et_gb_content_width":""},"product_brand":[],"product_cat":[318,452],"product_tag":[],"class_list":{"0":"post-22585","1":"product","2":"type-product","3":"status-publish","4":"has-post-thumbnail","6":"product_cat-lietotas-detalas","7":"product_cat-celtniecibas-tehnikas-dalas","9":"first","10":"instock","11":"taxable","12":"shipping-taxable","13":"purchasable","14":"product-type-simple"},"_links":{"self":[{"href":"https:\/\/kasima3.bcapps.lt\/lv\/wp-json\/wp\/v2\/product\/22585","targetHints":{"allow":["GET"]}}],"collection":[{"href":"https:\/\/kasima3.bcapps.lt\/lv\/wp-json\/wp\/v2\/product"}],"about":[{"href":"https:\/\/kasima3.bcapps.lt\/lv\/wp-json\/wp\/v2\/types\/product"}],"wp:featuredmedia":[{"embeddable":true,"href":"https:\/\/kasima3.bcapps.lt\/lv\/wp-json\/wp\/v2\/media\/22571"}],"wp:attachment":[{"href":"https:\/\/kasima3.bcapps.lt\/lv\/wp-json\/wp\/v2\/media?parent=22585"}],"wp:term":[{"taxonomy":"product_brand","embeddable":true,"href":"https:\/\/kasima3.bcapps.lt\/lv\/wp-json\/wp\/v2\/product_brand?post=22585"},{"taxonomy":"product_cat","embeddable":true,"href":"https:\/\/kasima3.bcapps.lt\/lv\/wp-json\/wp\/v2\/product_cat?post=22585"},{"taxonomy":"product_tag","embeddable":true,"href":"https:\/\/kasima3.bcapps.lt\/lv\/wp-json\/wp\/v2\/product_tag?post=22585"}],"curies":[{"name":"wp","href":"https:\/\/api.w.org\/{rel}","templated":true}]}}