{"id":22702,"date":"2024-07-05T05:51:08","date_gmt":"2024-07-05T05:51:08","guid":{"rendered":"https:\/\/kasima.lt\/produktas\/volvo-d6deje2-variklio-galva\/"},"modified":"2025-10-29T08:32:05","modified_gmt":"2025-10-29T08:32:05","slug":"volvo-d6deje2-variklio-galva","status":"publish","type":"product","link":"https:\/\/kasima3.bcapps.lt\/lv\/produktas\/volvo-d6deje2-variklio-galva\/","title":{"rendered":"Volvo D6DEJE2 dzin\u0113ja cilindru galva"},"content":{"rendered":"<p>Volvo D6DEJE2 dzin\u0113ja cilindru galva<br \/>\nNo\u0146emts no ekskavatora Volvo EW160B<br \/>\nRa\u017eot\u0101ja da\u013cas numurs: VOE20747867<\/p>\n","protected":false},"excerpt":{"rendered":"<p>Cena bez PVN<\/p>\n<p>Ra\u017eot\u0101js VOLVO<br \/>\nModelis: EW160B0040<br \/>\nZvaniet: <a href=\"tel:+37060842988\">+37060842988<\/a><br \/>\nKontaktpersona: <a href=\"mailto:usedparts@kasima3.bcapps.lt\">usedparts@kasima3.bcapps.lt<\/a><\/p>\n","protected":false},"featured_media":22683,"template":"","meta":{"_et_pb_use_builder":"","_et_pb_old_content":"","_et_gb_content_width":""},"product_brand":[],"product_cat":[398,318,452],"product_tag":[],"class_list":{"0":"post-22702","1":"product","2":"type-product","3":"status-publish","4":"has-post-thumbnail","6":"product_cat-volvo-dalas","7":"product_cat-lietotas-detalas","8":"product_cat-celtniecibas-tehnikas-dalas","10":"first","11":"instock","12":"taxable","13":"shipping-taxable","14":"purchasable","15":"product-type-simple"},"_links":{"self":[{"href":"https:\/\/kasima3.bcapps.lt\/lv\/wp-json\/wp\/v2\/product\/22702","targetHints":{"allow":["GET"]}}],"collection":[{"href":"https:\/\/kasima3.bcapps.lt\/lv\/wp-json\/wp\/v2\/product"}],"about":[{"href":"https:\/\/kasima3.bcapps.lt\/lv\/wp-json\/wp\/v2\/types\/product"}],"wp:featuredmedia":[{"embeddable":true,"href":"https:\/\/kasima3.bcapps.lt\/lv\/wp-json\/wp\/v2\/media\/22683"}],"wp:attachment":[{"href":"https:\/\/kasima3.bcapps.lt\/lv\/wp-json\/wp\/v2\/media?parent=22702"}],"wp:term":[{"taxonomy":"product_brand","embeddable":true,"href":"https:\/\/kasima3.bcapps.lt\/lv\/wp-json\/wp\/v2\/product_brand?post=22702"},{"taxonomy":"product_cat","embeddable":true,"href":"https:\/\/kasima3.bcapps.lt\/lv\/wp-json\/wp\/v2\/product_cat?post=22702"},{"taxonomy":"product_tag","embeddable":true,"href":"https:\/\/kasima3.bcapps.lt\/lv\/wp-json\/wp\/v2\/product_tag?post=22702"}],"curies":[{"name":"wp","href":"https:\/\/api.w.org\/{rel}","templated":true}]}}