{"id":22852,"date":"2024-07-05T11:57:55","date_gmt":"2024-07-05T11:57:55","guid":{"rendered":"https:\/\/kasima.lt\/produktas\/valentini-ivan-1000\/"},"modified":"2025-10-29T08:32:06","modified_gmt":"2025-10-29T08:32:06","slug":"valentini-ivan-1000","status":"publish","type":"product","link":"https:\/\/kasima3.bcapps.lt\/lv\/produktas\/valentini-ivan-1000\/","title":{"rendered":"Valentini IVAN 1000"},"content":{"rendered":"<p>Valentini IVAN 1000<\/p>\n<p>Augsnes stabilizators &#8211; akmens un augsnes fr\u0113ze,<\/p>\n<p>Ieteicam\u0101 traktora jauda: 81 l\u012bdz 140 Kw, 110 l\u012bdz 190 ZS,<br \/>\nDarba dzi\u013cums l\u012bdz: 35 cm<br \/>\nZobratu p\u0101rnesumk\u0101rba,<br \/>\nHidraulisk\u0101 rotora augstuma regul\u0113\u0161ana,<br \/>\nRotora diametrs: 670 mm,<br \/>\nRotora apgriezienu skaits: 245 apgr.\/min<br \/>\nDarba platums: 1075 mm<br \/>\nKop\u0113jais platums: 1515 mm<br \/>\nZobu skaits: 90 gab.<br \/>\nTr\u012bspunktu univers\u0101lais balstiek\u0101rtas savienot\u0101js<br \/>\nAugstas nodilumiztur\u012bbas bungas ar zobiem.<br \/>\nHARDOX t\u0113rauds,<\/p>\n<p>Garantijas un p\u0113cgarantijas apkalpo\u0161ana.<\/p>\n<p>Ir noliktav\u0101.<\/p>\n<p>VALENTINI ir profesion\u0101lu zemes fr\u0113\u017eu, augsnes stabilizatoru un citu piederumu ra\u017eot\u0101js lieljaudas tehnikai. Gandr\u012bz 50 gadu ra\u017eo\u0161anas pieredze ir \u013c\u0101vusi sasniegt \u0101rk\u0101rt\u012bgi augstu efektivit\u0101ti un iztur\u012bbu vis\u0101 pasaul\u0113.<\/p>\n<p>Lai uzzin\u0101tu vair\u0101k, zvaniet vai rakstiet e-pastu.<\/p>\n<p><iframe loading=\"lazy\" title=\"Valentini IVAN 1000 3pt PTO Stone Crusher Rock Crusher\" width=\"1080\" height=\"608\" src=\"https:\/\/www.youtube.com\/embed\/x8nnxcJ7vAk?feature=oembed\"  allow=\"accelerometer; autoplay; clipboard-write; encrypted-media; gyroscope; picture-in-picture; web-share\" referrerpolicy=\"strict-origin-when-cross-origin\" allowfullscreen><\/iframe>  <\/p>\n","protected":false},"excerpt":{"rendered":"<p>Cena bez PVN<\/p>\n<p>Z\u012bmols: Valentini<br \/>\nModelis: Ivan 100<br \/>\nZvans: <a href=\"tel:+37067607071\">+37067607071<\/a><br \/>\nKontaktpersona: <a href=\"mailto:sales@kasima3.bcapps.lt\">sales@kasima3.bcapps.lt<\/a><\/p>\n","protected":false},"featured_media":22788,"template":"","meta":{"_et_pb_use_builder":"","_et_pb_old_content":"","_et_gb_content_width":""},"product_brand":[],"product_cat":[208,149,220,185,163,179],"product_tag":[],"class_list":{"0":"post-22852","1":"product","2":"type-product","3":"status-publish","4":"has-post-thumbnail","6":"product_cat-celu-buvnieciba","7":"product_cat-buvnieciba","8":"product_cat-augsnes-stabilizatori-un-akmens-frezes","9":"product_cat-ekskavators","10":"product_cat-traktors","11":"product_cat-zemes-griezeji","13":"first","14":"instock","15":"taxable","16":"shipping-taxable","17":"purchasable","18":"product-type-simple"},"_links":{"self":[{"href":"https:\/\/kasima3.bcapps.lt\/lv\/wp-json\/wp\/v2\/product\/22852","targetHints":{"allow":["GET"]}}],"collection":[{"href":"https:\/\/kasima3.bcapps.lt\/lv\/wp-json\/wp\/v2\/product"}],"about":[{"href":"https:\/\/kasima3.bcapps.lt\/lv\/wp-json\/wp\/v2\/types\/product"}],"wp:featuredmedia":[{"embeddable":true,"href":"https:\/\/kasima3.bcapps.lt\/lv\/wp-json\/wp\/v2\/media\/22788"}],"wp:attachment":[{"href":"https:\/\/kasima3.bcapps.lt\/lv\/wp-json\/wp\/v2\/media?parent=22852"}],"wp:term":[{"taxonomy":"product_brand","embeddable":true,"href":"https:\/\/kasima3.bcapps.lt\/lv\/wp-json\/wp\/v2\/product_brand?post=22852"},{"taxonomy":"product_cat","embeddable":true,"href":"https:\/\/kasima3.bcapps.lt\/lv\/wp-json\/wp\/v2\/product_cat?post=22852"},{"taxonomy":"product_tag","embeddable":true,"href":"https:\/\/kasima3.bcapps.lt\/lv\/wp-json\/wp\/v2\/product_tag?post=22852"}],"curies":[{"name":"wp","href":"https:\/\/api.w.org\/{rel}","templated":true}]}}