{"id":22903,"date":"2024-07-09T10:23:16","date_gmt":"2024-07-09T10:23:16","guid":{"rendered":"https:\/\/kasima.lt\/produktas\/komatsu-pw160-7-saa4d102e-2-variklis\/"},"modified":"2025-10-29T08:32:07","modified_gmt":"2025-10-29T08:32:07","slug":"komatsu-pw160-7-saa4d102e-2-variklis","status":"publish","type":"product","link":"https:\/\/kasima3.bcapps.lt\/lv\/produktas\/komatsu-pw160-7-saa4d102e-2-variklis\/","title":{"rendered":"Komatsu PW160-7 SAA4D102E-2 dzin\u0113js"},"content":{"rendered":"<p>M\u0113s pied\u0101v\u0101jam lietotu Komatsu SAA4D102E-2 dzin\u0113ju no Komatsu PW160 rite\u0146ekskavatora. \u0160is 4 cilindru d\u012bze\u013cdzin\u0113js ar turbokompresoru ir paz\u012bstams ar savu izcilo veiktsp\u0113ju, uzticam\u012bbu un degvielas ekonomiju, kas ir ide\u0101li piem\u0113rots lieljaudas celtniec\u012bbas un r\u016bpniec\u012bbas vajadz\u012bb\u0101m.<br \/>\nModelis: Komatsu SAA4D102E-2<br \/>\nDarba tilpums: 3,9 litri<br \/>\nCilindri: 4 cilindri<br \/>Jauda: Aptuveni 122 ZS (91 kW) @ 2200 apgr.<br \/>Griezes moments: Liels griezes moments zem\u0101 diapazon\u0101 efekt\u012bvai rak\u0161anai un pacel\u0161anai<br \/>Ar turbokompresoru: Palielin\u0101ta ar turbokompresoru, lai palielin\u0101tu jaudu un degvielas pat\u0113ri\u0146a efektivit\u0101ti<br \/>Degvielas sist\u0113ma: Tie\u0161\u0101 iesmidzin\u0101\u0161ana uzlabotai degvielas ekonomijai un atsauc\u012bbai<br \/>Emisijas standarti: Atbilst 2. l\u012bme\u0146a pras\u012bb\u0101m <br \/>Dzes\u0113\u0161anas sist\u0113ma: Dzes\u0113\u0161anas sist\u0113ma: dzes\u0113\u0161ana ar \u0161\u0137idruma dzes\u0113\u0161anu uzticamai darb\u012bbai ekstrem\u0101los darba apst\u0101k\u013cos.<br \/>Komatsu SAA4D102E-2 dzin\u0113js tiek pla\u0161i izmantots da\u017e\u0101d\u0101s Komatsu ma\u0161\u012bn\u0101s un cit\u0101s iek\u0101rt\u0101s, kur\u0101m nepiecie\u0161ams uzticams, kompakts un ekonomisks dzin\u0113js:<br \/>Komatsu PW160 &#8211; rite\u0146u ekskavators<br \/>Komatsu PC138 &#8211; hidrauliskais ekskavators<br \/>Komatsu PC150 &#8211; hidrauliskais ekskavators (da\u017ei mode\u013ci)<br \/>Komatsu WB140 &#8211; ekskavatora-iekr\u0101v\u0113ja iekr\u0101v\u0113ji<br \/>Komatsu WB150 &#8211; Ekskavatora-iekr\u0101v\u0113ja tipa iekr\u0101v\u0113ji<br \/>Komatsu FG un FG20 &#8211; Iekr\u0101v\u0113ji (da\u017eas konfigur\u0101cijas)<br \/>Piln\u012bb\u0101 funkcion\u0113jo\u0161s dzin\u0113js, lab\u0101 st\u0101vokl\u012b <\/p>\n<p>Piln\u012bb\u0101 darbsp\u0113j\u012bgs dzin\u0113js, lab\u0101 st\u0101vokl\u012b<\/p>\n<p><iframe loading=\"lazy\" title=\"Komatsu PW160-7 SAA4D102E-2 engine\" width=\"1080\" height=\"608\" src=\"https:\/\/www.youtube.com\/embed\/3WVBc0aBCF4?feature=oembed\"  allow=\"accelerometer; autoplay; clipboard-write; encrypted-media; gyroscope; picture-in-picture; web-share\" referrerpolicy=\"strict-origin-when-cross-origin\" allowfullscreen><\/iframe><\/p>\n","protected":false},"excerpt":{"rendered":"<p>Cena bez PVN <\/p>\n<p>Izgatavo\u0161ana:Komatsu<br \/>\nModelis:PW16070001<br \/>\nZvans:<a href=\"tel:+37060842988\">+37060842988<\/a><br \/>\nE-pasts: <a href=\"mailto:usedparts@kasima3.bcapps.lt\">usedparts@kasima3.bcapps.lt<\/a><\/p>\n","protected":false},"featured_media":56946,"template":"","meta":{"_et_pb_use_builder":"","_et_pb_old_content":"","_et_gb_content_width":""},"product_brand":[],"product_cat":[481,318,452],"product_tag":[],"class_list":{"0":"post-22903","1":"product","2":"type-product","3":"status-publish","4":"has-post-thumbnail","6":"product_cat-komatsu-dalas","7":"product_cat-lietotas-detalas","8":"product_cat-celtniecibas-tehnikas-dalas","10":"first","11":"instock","12":"taxable","13":"shipping-taxable","14":"purchasable","15":"product-type-simple"},"_links":{"self":[{"href":"https:\/\/kasima3.bcapps.lt\/lv\/wp-json\/wp\/v2\/product\/22903","targetHints":{"allow":["GET"]}}],"collection":[{"href":"https:\/\/kasima3.bcapps.lt\/lv\/wp-json\/wp\/v2\/product"}],"about":[{"href":"https:\/\/kasima3.bcapps.lt\/lv\/wp-json\/wp\/v2\/types\/product"}],"wp:featuredmedia":[{"embeddable":true,"href":"https:\/\/kasima3.bcapps.lt\/lv\/wp-json\/wp\/v2\/media\/56946"}],"wp:attachment":[{"href":"https:\/\/kasima3.bcapps.lt\/lv\/wp-json\/wp\/v2\/media?parent=22903"}],"wp:term":[{"taxonomy":"product_brand","embeddable":true,"href":"https:\/\/kasima3.bcapps.lt\/lv\/wp-json\/wp\/v2\/product_brand?post=22903"},{"taxonomy":"product_cat","embeddable":true,"href":"https:\/\/kasima3.bcapps.lt\/lv\/wp-json\/wp\/v2\/product_cat?post=22903"},{"taxonomy":"product_tag","embeddable":true,"href":"https:\/\/kasima3.bcapps.lt\/lv\/wp-json\/wp\/v2\/product_tag?post=22903"}],"curies":[{"name":"wp","href":"https:\/\/api.w.org\/{rel}","templated":true}]}}