{"id":23139,"date":"2024-07-09T12:49:26","date_gmt":"2024-07-09T12:49:26","guid":{"rendered":"https:\/\/kasima.lt\/produktas\/asfalto-freza-wirtgen-w50dc-su-konvejeriu\/"},"modified":"2025-10-29T08:32:07","modified_gmt":"2025-10-29T08:32:07","slug":"asfalto-freza-wirtgen-w50dc-su-konvejeriu","status":"publish","type":"product","link":"https:\/\/kasima3.bcapps.lt\/lv\/produktas\/asfalto-freza-wirtgen-w50dc-su-konvejeriu\/","title":{"rendered":"Wirtgen W50DC asfalta fr\u0113z\u0113\u0161anas iek\u0101rta ar konveijeru"},"content":{"rendered":"<p>Asfalta fr\u0113z\u0113\u0161anas ma\u0161\u012bna ar konveijeru<br \/>\nIzgatavo\u0161anas gads 2007<br \/>\nDarba laiks 4100<br \/>\nDeutz 92 kw dzin\u0113js<br \/>\nP\u0113c izv\u0113les pieejams beram\u0101 materi\u0101la novirz\u012bt\u0101js<br \/>\nLED darba gaismas<br \/>\nOperatora jumti\u0146\u0161  <\/p>\n<p>\u013boti labs st\u0101voklis<br \/>\nLietuv\u0101 nedarbojas<br \/>\n<iframe loading=\"lazy\" title=\"Wirtgen W50DC asphalt milling machines for sale\" width=\"1080\" height=\"608\" src=\"https:\/\/www.youtube.com\/embed\/djU5m8-5yWg?feature=oembed\"  allow=\"accelerometer; autoplay; clipboard-write; encrypted-media; gyroscope; picture-in-picture; web-share\" referrerpolicy=\"strict-origin-when-cross-origin\" allowfullscreen><\/iframe> <\/p>\n","protected":false},"excerpt":{"rendered":"<p>Cena bez PVN<\/p>\n<p>Ra\u017eot\u0101js Wirtgen<br \/>\nModelis: W50DC, 2007<br \/>\nZvans: <a href=\"tel:+37067607071\">+37067607071<\/a><br \/>\nKontaktpersona: <a href=\"mailto:info@kasima3.bcapps.lt\">info@kasima3.bcapps.lt<\/a><\/p>\n","protected":false},"featured_media":22960,"template":"","meta":{"_et_pb_use_builder":"","_et_pb_old_content":"","_et_gb_content_width":""},"product_brand":[],"product_cat":[149],"product_tag":[],"class_list":{"0":"post-23139","1":"product","2":"type-product","3":"status-publish","4":"has-post-thumbnail","6":"product_cat-buvnieciba","8":"first","9":"outofstock","10":"taxable","11":"shipping-taxable","12":"product-type-simple"},"_links":{"self":[{"href":"https:\/\/kasima3.bcapps.lt\/lv\/wp-json\/wp\/v2\/product\/23139","targetHints":{"allow":["GET"]}}],"collection":[{"href":"https:\/\/kasima3.bcapps.lt\/lv\/wp-json\/wp\/v2\/product"}],"about":[{"href":"https:\/\/kasima3.bcapps.lt\/lv\/wp-json\/wp\/v2\/types\/product"}],"wp:featuredmedia":[{"embeddable":true,"href":"https:\/\/kasima3.bcapps.lt\/lv\/wp-json\/wp\/v2\/media\/22960"}],"wp:attachment":[{"href":"https:\/\/kasima3.bcapps.lt\/lv\/wp-json\/wp\/v2\/media?parent=23139"}],"wp:term":[{"taxonomy":"product_brand","embeddable":true,"href":"https:\/\/kasima3.bcapps.lt\/lv\/wp-json\/wp\/v2\/product_brand?post=23139"},{"taxonomy":"product_cat","embeddable":true,"href":"https:\/\/kasima3.bcapps.lt\/lv\/wp-json\/wp\/v2\/product_cat?post=23139"},{"taxonomy":"product_tag","embeddable":true,"href":"https:\/\/kasima3.bcapps.lt\/lv\/wp-json\/wp\/v2\/product_tag?post=23139"}],"curies":[{"name":"wp","href":"https:\/\/api.w.org\/{rel}","templated":true}]}}