{"id":23165,"date":"2024-07-09T13:23:37","date_gmt":"2024-07-09T13:23:37","guid":{"rendered":"https:\/\/kasima.lt\/produktas\/komatsu-pw160-7-koloneles-sukimosi-mechanizmas\/"},"modified":"2025-10-29T08:32:07","modified_gmt":"2025-10-29T08:32:07","slug":"komatsu-pw160-7-koloneles-sukimosi-mechanizmas","status":"publish","type":"product","link":"https:\/\/kasima3.bcapps.lt\/lv\/produktas\/komatsu-pw160-7-koloneles-sukimosi-mechanizmas\/","title":{"rendered":"Komatsu PW160-7 rot\u0101cijas meh\u0101nisms"},"content":{"rendered":"<p>&#8220;Komatsu PW160-7&#8221; rot\u0101cijas meh\u0101nisms<br \/>KYB hidrauliskais motors MSF-85P<br \/>Ra\u017eot\u0101ja ID:<br \/>20G2631100<br \/>20G-26-31100<br \/>20G-26-31670<br \/>20G-26-32290<br \/>20J-26-32290<br \/>20J-26-32280<br \/>20J-26-32110 <br \/>S\u0113rijas Nr. 580060. <\/p>\n","protected":false},"excerpt":{"rendered":"<p>Cena bez PVN<\/p>\n<p>Ra\u017eot\u0101js: KYB<br \/>Modelis: PW16070003<br \/>Zvans: <a href=\"tel:+37060842988\">+37060842988<\/a><br \/>E-pasts: <a href=\"mailto:usedparts@kasima3.bcapps.lt\">usedparts@kasima3.bcapps.lt<\/a><\/p>\n","protected":false},"featured_media":29165,"template":"","meta":{"_et_pb_use_builder":"","_et_pb_old_content":"","_et_gb_content_width":""},"product_brand":[],"product_cat":[481,318,452],"product_tag":[],"class_list":{"0":"post-23165","1":"product","2":"type-product","3":"status-publish","4":"has-post-thumbnail","6":"product_cat-komatsu-dalas","7":"product_cat-lietotas-detalas","8":"product_cat-celtniecibas-tehnikas-dalas","10":"first","11":"instock","12":"taxable","13":"shipping-taxable","14":"purchasable","15":"product-type-simple"},"_links":{"self":[{"href":"https:\/\/kasima3.bcapps.lt\/lv\/wp-json\/wp\/v2\/product\/23165","targetHints":{"allow":["GET"]}}],"collection":[{"href":"https:\/\/kasima3.bcapps.lt\/lv\/wp-json\/wp\/v2\/product"}],"about":[{"href":"https:\/\/kasima3.bcapps.lt\/lv\/wp-json\/wp\/v2\/types\/product"}],"wp:featuredmedia":[{"embeddable":true,"href":"https:\/\/kasima3.bcapps.lt\/lv\/wp-json\/wp\/v2\/media\/29165"}],"wp:attachment":[{"href":"https:\/\/kasima3.bcapps.lt\/lv\/wp-json\/wp\/v2\/media?parent=23165"}],"wp:term":[{"taxonomy":"product_brand","embeddable":true,"href":"https:\/\/kasima3.bcapps.lt\/lv\/wp-json\/wp\/v2\/product_brand?post=23165"},{"taxonomy":"product_cat","embeddable":true,"href":"https:\/\/kasima3.bcapps.lt\/lv\/wp-json\/wp\/v2\/product_cat?post=23165"},{"taxonomy":"product_tag","embeddable":true,"href":"https:\/\/kasima3.bcapps.lt\/lv\/wp-json\/wp\/v2\/product_tag?post=23165"}],"curies":[{"name":"wp","href":"https:\/\/api.w.org\/{rel}","templated":true}]}}