{"id":23334,"date":"2024-07-11T10:18:22","date_gmt":"2024-07-11T10:18:22","guid":{"rendered":"https:\/\/kasima.lt\/produktas\/jcb-kampo-nuokrypio-valdymo-blokas\/"},"modified":"2025-10-29T08:32:09","modified_gmt":"2025-10-29T08:32:09","slug":"jcb-kampo-nuokrypio-valdymo-blokas","status":"publish","type":"product","link":"https:\/\/kasima3.bcapps.lt\/lv\/produktas\/jcb-kampo-nuokrypio-valdymo-blokas\/","title":{"rendered":"JCB le\u0146\u0137a novirzes vad\u012bbas bloks"},"content":{"rendered":"<p>JCB le\u0146\u0137a novirzes vad\u012bbas bloks<br \/>Blo\u0137\u0113\u0161anas da\u013cas:<br \/>Releja potenciometrs Le\u0146\u0137a sensors (Elobau):<br \/>716\/30180<br \/>424A16A09002<br \/>V\u0101rstu cilindrs:<br \/>331\/14519<br \/>Atsperu mezgls:<br \/>KHH0156<br \/>Vad\u012bbas kabelis:<br \/>910\/60084 <\/p>\n","protected":false},"excerpt":{"rendered":"<p>Cena bez PVN<\/p>\n<p>Ra\u017eot\u0101js:JCB<br \/>Modelis:KND0009<br \/>Zvans: <a href=\"tel:+37060842988\">+37060842988<\/a><br \/>E-pasts: <a href=\"mailto:usedparts@kasima3.bcapps.lt\">usedparts@kasima3.bcapps.lt<\/a><\/p>\n","protected":false},"featured_media":23315,"template":"","meta":{"_et_pb_use_builder":"","_et_pb_old_content":"","_et_gb_content_width":""},"product_brand":[],"product_cat":[443,490,318,452],"product_tag":[],"class_list":{"0":"post-23334","1":"product","2":"type-product","3":"status-publish","4":"has-post-thumbnail","6":"product_cat-jcb-dalas","7":"product_cat-elektronikas-dalas","8":"product_cat-lietotas-detalas","9":"product_cat-celtniecibas-tehnikas-dalas","11":"first","12":"instock","13":"taxable","14":"shipping-taxable","15":"purchasable","16":"product-type-simple"},"_links":{"self":[{"href":"https:\/\/kasima3.bcapps.lt\/lv\/wp-json\/wp\/v2\/product\/23334","targetHints":{"allow":["GET"]}}],"collection":[{"href":"https:\/\/kasima3.bcapps.lt\/lv\/wp-json\/wp\/v2\/product"}],"about":[{"href":"https:\/\/kasima3.bcapps.lt\/lv\/wp-json\/wp\/v2\/types\/product"}],"wp:featuredmedia":[{"embeddable":true,"href":"https:\/\/kasima3.bcapps.lt\/lv\/wp-json\/wp\/v2\/media\/23315"}],"wp:attachment":[{"href":"https:\/\/kasima3.bcapps.lt\/lv\/wp-json\/wp\/v2\/media?parent=23334"}],"wp:term":[{"taxonomy":"product_brand","embeddable":true,"href":"https:\/\/kasima3.bcapps.lt\/lv\/wp-json\/wp\/v2\/product_brand?post=23334"},{"taxonomy":"product_cat","embeddable":true,"href":"https:\/\/kasima3.bcapps.lt\/lv\/wp-json\/wp\/v2\/product_cat?post=23334"},{"taxonomy":"product_tag","embeddable":true,"href":"https:\/\/kasima3.bcapps.lt\/lv\/wp-json\/wp\/v2\/product_tag?post=23334"}],"curies":[{"name":"wp","href":"https:\/\/api.w.org\/{rel}","templated":true}]}}