{"id":23711,"date":"2024-07-15T05:46:20","date_gmt":"2024-07-15T05:46:20","guid":{"rendered":"https:\/\/kasima.lt\/produktas\/cummins-itampos-generatorius-c150d5-dalimis\/"},"modified":"2025-10-29T08:32:11","modified_gmt":"2025-10-29T08:32:11","slug":"cummins-itampos-generatorius-c150d5-dalimis","status":"publish","type":"product","link":"https:\/\/kasima3.bcapps.lt\/lv\/produktas\/cummins-itampos-generatorius-c150d5-dalimis\/","title":{"rendered":"Cummins Sprieguma \u0123enerators C150D5 pa da\u013c\u0101m"},"content":{"rendered":"<p>Sprieguma \u0123enerators ISO 8528 : G2<br \/>Mode\u013ca numurs : C150D5<br \/>S\u0113rijas numurs : K14I405306<br \/>Ra\u017eo\u0161anas gads : 2014 11 m\u0113ne\u0161i. Svars kg : 1645<br \/>Kontrolieris : PC1.2<br \/>Jauda KVA\/KW : 150\/120<br \/>L\u012bdzstr\u0101va A : 216<br \/>Nomin\u0101lais spriegums V : 400<br \/>Sprieguma frekvence Hz : 50 <br \/>Dzin\u0113js : Dzin\u0113ja modelis : 6BTAA5.9-G6<br \/>Dzin\u0113ja s\u0113rijas numurs : 84187596<br \/>\u0122enerators : R\u0101mis \/ serde : UCI274E1<br \/>S\u0113rijas numurs : N14G298075<br \/>Cummins \u0123enerators C150D5 tiek p\u0101rdots pa da\u013c\u0101m, lai ieg\u016btu vair\u0101k inform\u0101cijas, l\u016bdzu sazinieties ar <\/p>\n","protected":false},"excerpt":{"rendered":"<p>Cena bez PVN<\/p>\n<p>Ra\u017eot\u0101js: CUMMINS<br \/>Modelis: C150D5<br \/>Zvans: <a href=\"tel:+37060842988\">+37060842988<\/a><br \/>E-pasts: <a href=\"mailto:usedparts@kasima3.bcapps.lt\">usedparts@kasima3.bcapps.lt<\/a><\/p>\n","protected":false},"featured_media":23642,"template":"","meta":{"_et_pb_use_builder":"","_et_pb_old_content":"","_et_gb_content_width":""},"product_brand":[],"product_cat":[475,490,318,452],"product_tag":[],"class_list":{"0":"post-23711","1":"product","2":"type-product","3":"status-publish","4":"has-post-thumbnail","6":"product_cat-generatoriai-lv","7":"product_cat-elektronikas-dalas","8":"product_cat-lietotas-detalas","9":"product_cat-celtniecibas-tehnikas-dalas","11":"first","12":"instock","13":"taxable","14":"shipping-taxable","15":"purchasable","16":"product-type-simple"},"_links":{"self":[{"href":"https:\/\/kasima3.bcapps.lt\/lv\/wp-json\/wp\/v2\/product\/23711","targetHints":{"allow":["GET"]}}],"collection":[{"href":"https:\/\/kasima3.bcapps.lt\/lv\/wp-json\/wp\/v2\/product"}],"about":[{"href":"https:\/\/kasima3.bcapps.lt\/lv\/wp-json\/wp\/v2\/types\/product"}],"wp:featuredmedia":[{"embeddable":true,"href":"https:\/\/kasima3.bcapps.lt\/lv\/wp-json\/wp\/v2\/media\/23642"}],"wp:attachment":[{"href":"https:\/\/kasima3.bcapps.lt\/lv\/wp-json\/wp\/v2\/media?parent=23711"}],"wp:term":[{"taxonomy":"product_brand","embeddable":true,"href":"https:\/\/kasima3.bcapps.lt\/lv\/wp-json\/wp\/v2\/product_brand?post=23711"},{"taxonomy":"product_cat","embeddable":true,"href":"https:\/\/kasima3.bcapps.lt\/lv\/wp-json\/wp\/v2\/product_cat?post=23711"},{"taxonomy":"product_tag","embeddable":true,"href":"https:\/\/kasima3.bcapps.lt\/lv\/wp-json\/wp\/v2\/product_tag?post=23711"}],"curies":[{"name":"wp","href":"https:\/\/api.w.org\/{rel}","templated":true}]}}