{"id":23782,"date":"2024-07-15T12:03:04","date_gmt":"2024-07-15T12:03:04","guid":{"rendered":"https:\/\/kasima.lt\/produktas\/stamford-34kw-generatorius-dalimis\/"},"modified":"2025-10-29T08:32:12","modified_gmt":"2025-10-29T08:32:12","slug":"stamford-34kw-generatorius-dalimis","status":"publish","type":"product","link":"https:\/\/kasima3.bcapps.lt\/lv\/produktas\/stamford-34kw-generatorius-dalimis\/","title":{"rendered":"Stamford 34kW \u0123enerators uz rezerves da\u013c\u0101m"},"content":{"rendered":"<p>Stamford 34kW \u0123enerators UCM224D1<br \/>\nJauda KVA: 42,5<br \/>\nJauda kW: 34<br \/>\nHz: 60<br \/>\nRPM: 1500<br \/>\nSpriegums: 230<\/p>\n<p>LOWOL dzin\u0113js:<br \/>\nMODELIS: 1004GM12<br \/>\nJauda: 40 kW<br \/>\nDzin\u0113ja numurs: HC524166X<br \/>\nMotora kods: 1004-P4GM12<br \/>\nSpec. Nr.: DG100AM025A<br \/>\nRa\u017eo\u0161anas datums: 2012<\/p>\n<p>Dzin\u0113ja defekts<\/p>\n","protected":false},"excerpt":{"rendered":"<p>Cena bez PVN<\/p>\n<p>Ra\u017eot\u0101js:Stamford<br \/>\nModelis: UCM224D1<br \/>\nZvaniet: <a href=\"tel:+37060842988\">+37060842988<\/a><br \/>\nKontaktpersona: <a href=\"mailto:usedparts@kasima3.bcapps.lt\">usedparts@kasima3.bcapps.lt<\/a><\/p>\n","protected":false},"featured_media":23738,"template":"","meta":{"_et_pb_use_builder":"off","_et_pb_old_content":"","_et_gb_content_width":""},"product_brand":[],"product_cat":[475,318,452],"product_tag":[],"class_list":{"0":"post-23782","1":"product","2":"type-product","3":"status-publish","4":"has-post-thumbnail","6":"product_cat-generatoriai-lv","7":"product_cat-lietotas-detalas","8":"product_cat-celtniecibas-tehnikas-dalas","10":"first","11":"instock","12":"taxable","13":"shipping-taxable","14":"purchasable","15":"product-type-simple"},"_links":{"self":[{"href":"https:\/\/kasima3.bcapps.lt\/lv\/wp-json\/wp\/v2\/product\/23782","targetHints":{"allow":["GET"]}}],"collection":[{"href":"https:\/\/kasima3.bcapps.lt\/lv\/wp-json\/wp\/v2\/product"}],"about":[{"href":"https:\/\/kasima3.bcapps.lt\/lv\/wp-json\/wp\/v2\/types\/product"}],"wp:featuredmedia":[{"embeddable":true,"href":"https:\/\/kasima3.bcapps.lt\/lv\/wp-json\/wp\/v2\/media\/23738"}],"wp:attachment":[{"href":"https:\/\/kasima3.bcapps.lt\/lv\/wp-json\/wp\/v2\/media?parent=23782"}],"wp:term":[{"taxonomy":"product_brand","embeddable":true,"href":"https:\/\/kasima3.bcapps.lt\/lv\/wp-json\/wp\/v2\/product_brand?post=23782"},{"taxonomy":"product_cat","embeddable":true,"href":"https:\/\/kasima3.bcapps.lt\/lv\/wp-json\/wp\/v2\/product_cat?post=23782"},{"taxonomy":"product_tag","embeddable":true,"href":"https:\/\/kasima3.bcapps.lt\/lv\/wp-json\/wp\/v2\/product_tag?post=23782"}],"curies":[{"name":"wp","href":"https:\/\/api.w.org\/{rel}","templated":true}]}}