{"id":23808,"date":"2024-07-17T05:47:53","date_gmt":"2024-07-17T05:47:53","guid":{"rendered":"https:\/\/kasima.lt\/produktas\/medziu-skaldymo-kugis-300-mm\/"},"modified":"2025-10-29T08:32:12","modified_gmt":"2025-10-29T08:32:12","slug":"medziu-skaldymo-kugis-300-mm","status":"publish","type":"product","link":"https:\/\/kasima3.bcapps.lt\/lv\/produktas\/medziu-skaldymo-kugis-300-mm\/","title":{"rendered":"Koka skald\u012b\u0161anas konuss 300 mm"},"content":{"rendered":"<p>Skr\u016bvgriezis &#8211; konuss<br \/>\nCelmu vai ba\u013c\u0137u pl\u0113\u0161anai<br \/>\nDiametrs 300 mm<br \/>\nV\u0101rpstas tips 75 mm kvadr\u0101tveida  <\/p>\n","protected":false},"excerpt":{"rendered":"<p>Cena bez PVN<\/p>\n<p>Ra\u017eot\u0101js: KSM<br \/>\nModelis:<br \/>\nZvans: <a href=\"tel:+37067607071\">+37067607071<\/a><br \/>\nKontaktpersona: <a href=\"mailto:sles@kasima3.bcapps.lt\">sales@kasima3.bcapps.lt<\/a><\/p>\n","protected":false},"featured_media":23874,"template":"","meta":{"_et_pb_use_builder":"","_et_pb_old_content":"","_et_gb_content_width":""},"product_brand":[],"product_cat":[155,237,163,190,455],"product_tag":[],"class_list":{"0":"post-23808","1":"product","2":"type-product","3":"status-publish","4":"has-post-thumbnail","6":"product_cat-jauns","7":"product_cat-citi-piederumi","8":"product_cat-traktors","9":"product_cat-rastas-laupitaji","10":"product_cat-lauksaimniecibas-tehnikas-dalas","12":"first","13":"instock","14":"taxable","15":"shipping-taxable","16":"purchasable","17":"product-type-simple"},"_links":{"self":[{"href":"https:\/\/kasima3.bcapps.lt\/lv\/wp-json\/wp\/v2\/product\/23808","targetHints":{"allow":["GET"]}}],"collection":[{"href":"https:\/\/kasima3.bcapps.lt\/lv\/wp-json\/wp\/v2\/product"}],"about":[{"href":"https:\/\/kasima3.bcapps.lt\/lv\/wp-json\/wp\/v2\/types\/product"}],"wp:featuredmedia":[{"embeddable":true,"href":"https:\/\/kasima3.bcapps.lt\/lv\/wp-json\/wp\/v2\/media\/23874"}],"wp:attachment":[{"href":"https:\/\/kasima3.bcapps.lt\/lv\/wp-json\/wp\/v2\/media?parent=23808"}],"wp:term":[{"taxonomy":"product_brand","embeddable":true,"href":"https:\/\/kasima3.bcapps.lt\/lv\/wp-json\/wp\/v2\/product_brand?post=23808"},{"taxonomy":"product_cat","embeddable":true,"href":"https:\/\/kasima3.bcapps.lt\/lv\/wp-json\/wp\/v2\/product_cat?post=23808"},{"taxonomy":"product_tag","embeddable":true,"href":"https:\/\/kasima3.bcapps.lt\/lv\/wp-json\/wp\/v2\/product_tag?post=23808"}],"curies":[{"name":"wp","href":"https:\/\/api.w.org\/{rel}","templated":true}]}}