{"id":23989,"date":"2024-07-17T10:46:14","date_gmt":"2024-07-17T10:46:14","guid":{"rendered":"https:\/\/kasima.lt\/produktas\/hunnebeck-platforma-dieci-keltuvui\/"},"modified":"2025-10-29T08:32:12","modified_gmt":"2025-10-29T08:32:12","slug":"hunnebeck-platforma-dieci-keltuvui","status":"publish","type":"product","link":"https:\/\/kasima3.bcapps.lt\/lv\/produktas\/hunnebeck-platforma-dieci-keltuvui\/","title":{"rendered":"Hunnebeck platforma DIECI pac\u0113l\u0101jam"},"content":{"rendered":"<p>Hunnebeck platforma DIECI teleskopiskajam str\u0113les pac\u0113l\u0101jam<br \/>\nPlatforma papildus izstiepjas abos virzienos ar ieb\u016bv\u0113tu hidraulisko vad\u012bbu.<br \/>\nPlatformas garums no 2,5 m l\u012bdz 5 m<\/p>\n","protected":false},"excerpt":{"rendered":"<p>Cena bez PVN<\/p>\n<p>Ra\u017eot\u0101js: HUNNEBECK<br \/>\nModelis: 4457<br \/>\nZvans: <a href=\"tel:+37067607071\">+37067607071<\/a><br \/>\nKontaktpersona: <a href=\"mailto:sales@kasima3.bcapps.lt\">sales@kasima3.bcapps.lt<\/a><\/p>\n","protected":false},"featured_media":23895,"template":"","meta":{"_et_pb_use_builder":"","_et_pb_old_content":"","_et_gb_content_width":""},"product_brand":[],"product_cat":[149,150,237,210],"product_tag":[],"class_list":{"0":"post-23989","1":"product","2":"type-product","3":"status-publish","4":"has-post-thumbnail","6":"product_cat-buvnieciba","7":"product_cat-cita-tehnika","8":"product_cat-citi-piederumi","9":"product_cat-teleskopiskais-manipulators","11":"first","12":"outofstock","13":"sale","14":"taxable","15":"shipping-taxable","16":"purchasable","17":"product-type-simple"},"_links":{"self":[{"href":"https:\/\/kasima3.bcapps.lt\/lv\/wp-json\/wp\/v2\/product\/23989","targetHints":{"allow":["GET"]}}],"collection":[{"href":"https:\/\/kasima3.bcapps.lt\/lv\/wp-json\/wp\/v2\/product"}],"about":[{"href":"https:\/\/kasima3.bcapps.lt\/lv\/wp-json\/wp\/v2\/types\/product"}],"wp:featuredmedia":[{"embeddable":true,"href":"https:\/\/kasima3.bcapps.lt\/lv\/wp-json\/wp\/v2\/media\/23895"}],"wp:attachment":[{"href":"https:\/\/kasima3.bcapps.lt\/lv\/wp-json\/wp\/v2\/media?parent=23989"}],"wp:term":[{"taxonomy":"product_brand","embeddable":true,"href":"https:\/\/kasima3.bcapps.lt\/lv\/wp-json\/wp\/v2\/product_brand?post=23989"},{"taxonomy":"product_cat","embeddable":true,"href":"https:\/\/kasima3.bcapps.lt\/lv\/wp-json\/wp\/v2\/product_cat?post=23989"},{"taxonomy":"product_tag","embeddable":true,"href":"https:\/\/kasima3.bcapps.lt\/lv\/wp-json\/wp\/v2\/product_tag?post=23989"}],"curies":[{"name":"wp","href":"https:\/\/api.w.org\/{rel}","templated":true}]}}