{"id":24166,"date":"2024-07-23T07:21:49","date_gmt":"2024-07-23T07:21:49","guid":{"rendered":"https:\/\/kasima.lt\/produktas\/cnf-t70htsl-mini-damperis\/"},"modified":"2025-10-29T08:32:13","modified_gmt":"2025-10-29T08:32:13","slug":"cnf-t70htsl-mini-damperis","status":"publish","type":"product","link":"https:\/\/kasima3.bcapps.lt\/lv\/produktas\/cnf-t70htsl-mini-damperis\/","title":{"rendered":"CNF T70HTSL mini pa\u0161izg\u0101z\u0113js"},"content":{"rendered":"<p>Ra\u017eot\u0101js: CNF<br \/>Modelis: T70HTSL <br \/>Izgatavo\u0161anas gads 2023<br \/>Motora darba laiks 78 <br \/>Transportl\u012bdzek\u013ca pilna masa 600 kg<br \/>Celtsp\u0113ja 700 kg<br \/>Dzin\u0113js Honda GX270, benz\u012bns<br \/>Elektriskais starteris <br \/>Amortiz\u0113jo\u0161a st\u0101vvietu pl\u0101ksne<br \/>L\u012bdzsvaroti atsvari<br \/>Plakanas virsb\u016bves pa\u0161iekrau\u0161anas funkcija<br \/>Augsta izkrau\u0161anas funkcija<\/p>\n","protected":false},"excerpt":{"rendered":"<p>Cena bez PVN<\/p>\n<p>Ra\u017eot\u0101js: CNF<br \/>Modelis: T70HTSL<br \/>Zvans: <a href=\"tel:+37067607071\">+37067607071<\/a><br \/>E-pasts: <a href=\"mailto:sales@kasima3.bcapps.lt\">sales@kasima3.bcapps.lt<\/a><\/p>\n","protected":false},"featured_media":24107,"template":"","meta":{"_et_pb_use_builder":"","_et_pb_old_content":"","_et_gb_content_width":""},"product_brand":[],"product_cat":[149,150],"product_tag":[],"class_list":{"0":"post-24166","1":"product","2":"type-product","3":"status-publish","4":"has-post-thumbnail","6":"product_cat-buvnieciba","7":"product_cat-cita-tehnika","9":"first","10":"instock","11":"sale","12":"taxable","13":"shipping-taxable","14":"purchasable","15":"product-type-simple"},"_links":{"self":[{"href":"https:\/\/kasima3.bcapps.lt\/lv\/wp-json\/wp\/v2\/product\/24166","targetHints":{"allow":["GET"]}}],"collection":[{"href":"https:\/\/kasima3.bcapps.lt\/lv\/wp-json\/wp\/v2\/product"}],"about":[{"href":"https:\/\/kasima3.bcapps.lt\/lv\/wp-json\/wp\/v2\/types\/product"}],"wp:featuredmedia":[{"embeddable":true,"href":"https:\/\/kasima3.bcapps.lt\/lv\/wp-json\/wp\/v2\/media\/24107"}],"wp:attachment":[{"href":"https:\/\/kasima3.bcapps.lt\/lv\/wp-json\/wp\/v2\/media?parent=24166"}],"wp:term":[{"taxonomy":"product_brand","embeddable":true,"href":"https:\/\/kasima3.bcapps.lt\/lv\/wp-json\/wp\/v2\/product_brand?post=24166"},{"taxonomy":"product_cat","embeddable":true,"href":"https:\/\/kasima3.bcapps.lt\/lv\/wp-json\/wp\/v2\/product_cat?post=24166"},{"taxonomy":"product_tag","embeddable":true,"href":"https:\/\/kasima3.bcapps.lt\/lv\/wp-json\/wp\/v2\/product_tag?post=24166"}],"curies":[{"name":"wp","href":"https:\/\/api.w.org\/{rel}","templated":true}]}}