{"id":24259,"date":"2024-07-24T10:56:18","date_gmt":"2024-07-24T10:56:18","guid":{"rendered":"https:\/\/kasima.lt\/produktas\/caterpillar-lr18b-krastovaizdzio-greblys\/"},"modified":"2025-10-29T08:32:13","modified_gmt":"2025-10-29T08:32:13","slug":"caterpillar-lr18b-krastovaizdzio-greblys","status":"publish","type":"product","link":"https:\/\/kasima3.bcapps.lt\/lv\/produktas\/caterpillar-lr18b-krastovaizdzio-greblys\/","title":{"rendered":"Caterpillar LR18B ainavu gr\u0101beklis"},"content":{"rendered":"<p>Praktiski jauns,<br \/>Platums 199 cm,<br \/>Darba platums 188 cm,<br \/>Svars 650 kg,<br \/>Darb\u012bbas e\u013c\u013cas pl\u016bsma 42-83 ltr.\/min.,<br \/>Lietuv\u0101 nav ekspluat\u0113ts.<\/p>\n<p><iframe loading=\"lazy\" title=\"Caterpillar LR18B landscape rake for sale!\" width=\"1080\" height=\"608\" src=\"https:\/\/www.youtube.com\/embed\/18M6Aw2-BtA?feature=oembed\"  allow=\"accelerometer; autoplay; clipboard-write; encrypted-media; gyroscope; picture-in-picture; web-share\" referrerpolicy=\"strict-origin-when-cross-origin\" allowfullscreen><\/iframe>.<\/p>\n","protected":false},"excerpt":{"rendered":"<p>Cena bez PVN<\/p>\n<p>Ra\u017eot\u0101js: CATERPILLAR<br \/>Modelis: LR18B<br \/>Zvans: <a href=\"tel:+37067607071\">+37067607071<\/a><br \/>E-pasts: <a href=\"mailto:sales@kasima3.bcapps.lt\">sales@kasima3.bcapps.lt<\/a><\/p>\n","protected":false},"featured_media":24195,"template":"","meta":{"_et_pb_use_builder":"","_et_pb_old_content":"","_et_gb_content_width":""},"product_brand":[],"product_cat":[219,237,151,179],"product_tag":[],"class_list":{"0":"post-24259","1":"product","2":"type-product","3":"status-publish","4":"has-post-thumbnail","6":"product_cat-lietots","7":"product_cat-citi-piederumi","8":"product_cat-mini-iekraveji","9":"product_cat-zemes-griezeji","11":"first","12":"outofstock","13":"taxable","14":"shipping-taxable","15":"product-type-simple"},"_links":{"self":[{"href":"https:\/\/kasima3.bcapps.lt\/lv\/wp-json\/wp\/v2\/product\/24259","targetHints":{"allow":["GET"]}}],"collection":[{"href":"https:\/\/kasima3.bcapps.lt\/lv\/wp-json\/wp\/v2\/product"}],"about":[{"href":"https:\/\/kasima3.bcapps.lt\/lv\/wp-json\/wp\/v2\/types\/product"}],"wp:featuredmedia":[{"embeddable":true,"href":"https:\/\/kasima3.bcapps.lt\/lv\/wp-json\/wp\/v2\/media\/24195"}],"wp:attachment":[{"href":"https:\/\/kasima3.bcapps.lt\/lv\/wp-json\/wp\/v2\/media?parent=24259"}],"wp:term":[{"taxonomy":"product_brand","embeddable":true,"href":"https:\/\/kasima3.bcapps.lt\/lv\/wp-json\/wp\/v2\/product_brand?post=24259"},{"taxonomy":"product_cat","embeddable":true,"href":"https:\/\/kasima3.bcapps.lt\/lv\/wp-json\/wp\/v2\/product_cat?post=24259"},{"taxonomy":"product_tag","embeddable":true,"href":"https:\/\/kasima3.bcapps.lt\/lv\/wp-json\/wp\/v2\/product_tag?post=24259"}],"curies":[{"name":"wp","href":"https:\/\/api.w.org\/{rel}","templated":true}]}}