{"id":24530,"date":"2024-07-25T10:43:15","date_gmt":"2024-07-25T10:43:15","guid":{"rendered":"https:\/\/kasima.lt\/produktas\/rexroth-hidrauline-pompa\/"},"modified":"2025-10-29T08:32:15","modified_gmt":"2025-10-29T08:32:15","slug":"rexroth-hidrauline-pompa","status":"publish","type":"product","link":"https:\/\/kasima3.bcapps.lt\/lv\/produktas\/rexroth-hidrauline-pompa\/","title":{"rendered":"Rexroth hidrauliskais s\u016bknis"},"content":{"rendered":"<p>Rexroth hidrauliskais s\u016bknis<br \/>Ra\u017eot\u0101ja da\u013cas numurs:<br \/>VWC62N00 &#8211; S1038<br \/>R902434863<br \/>04W44<br \/>S\/N 30251530<br \/>AL A10V O 45 DFR1\/52L<\/p>\n","protected":false},"excerpt":{"rendered":"<p>Cena bez PVN<\/p>\n<p>Ra\u017eot\u0101js: REXROTH<br \/>Modelis: KND0021<br \/>Zvans: <a href=\"tel:+37060842988\">+37060842988<\/a><br \/>E-pasts: <a href=\"mailto:usedparts@kasima3.bcapps.lt\">usedparts@kasima3.bcapps.lt<\/a><\/p>\n","protected":false},"featured_media":24506,"template":"","meta":{"_et_pb_use_builder":"","_et_pb_old_content":"","_et_gb_content_width":""},"product_brand":[],"product_cat":[458,318,452],"product_tag":[],"class_list":{"0":"post-24530","1":"product","2":"type-product","3":"status-publish","4":"has-post-thumbnail","6":"product_cat-citas-dalas","7":"product_cat-lietotas-detalas","8":"product_cat-celtniecibas-tehnikas-dalas","10":"first","11":"instock","12":"taxable","13":"shipping-taxable","14":"purchasable","15":"product-type-simple"},"_links":{"self":[{"href":"https:\/\/kasima3.bcapps.lt\/lv\/wp-json\/wp\/v2\/product\/24530","targetHints":{"allow":["GET"]}}],"collection":[{"href":"https:\/\/kasima3.bcapps.lt\/lv\/wp-json\/wp\/v2\/product"}],"about":[{"href":"https:\/\/kasima3.bcapps.lt\/lv\/wp-json\/wp\/v2\/types\/product"}],"wp:featuredmedia":[{"embeddable":true,"href":"https:\/\/kasima3.bcapps.lt\/lv\/wp-json\/wp\/v2\/media\/24506"}],"wp:attachment":[{"href":"https:\/\/kasima3.bcapps.lt\/lv\/wp-json\/wp\/v2\/media?parent=24530"}],"wp:term":[{"taxonomy":"product_brand","embeddable":true,"href":"https:\/\/kasima3.bcapps.lt\/lv\/wp-json\/wp\/v2\/product_brand?post=24530"},{"taxonomy":"product_cat","embeddable":true,"href":"https:\/\/kasima3.bcapps.lt\/lv\/wp-json\/wp\/v2\/product_cat?post=24530"},{"taxonomy":"product_tag","embeddable":true,"href":"https:\/\/kasima3.bcapps.lt\/lv\/wp-json\/wp\/v2\/product_tag?post=24530"}],"curies":[{"name":"wp","href":"https:\/\/api.w.org\/{rel}","templated":true}]}}