{"id":24555,"date":"2024-07-25T11:02:51","date_gmt":"2024-07-25T11:02:51","guid":{"rendered":"https:\/\/kasima.lt\/produktas\/hidrauline-vandens-pompa-hydro\/"},"modified":"2025-10-29T08:32:15","modified_gmt":"2025-10-29T08:32:15","slug":"hidrauline-vandens-pompa-hydro","status":"publish","type":"product","link":"https:\/\/kasima3.bcapps.lt\/lv\/produktas\/hidrauline-vandens-pompa-hydro\/","title":{"rendered":"Hidrauliskais \u016bdens s\u016bknis Hydro"},"content":{"rendered":"<p>Hidrauliskais \u016bdens s\u016bknis Hydro<br \/>Automazg\u0101tuv\u0113m<br \/>Ra\u017eot\u0101ja da\u013cas numurs:<br \/>2340B-03<br \/>728710010<\/p>\n","protected":false},"excerpt":{"rendered":"<p>Cena bez PVN<\/p>\n<p>Ra\u017eot\u0101js:HYDRO<br \/>Modelis:KND0022 <br \/>Zvans :<a href=\"tel:+37060842988\"> +37060842988 <\/a><br \/>E-pasts: <a href=\"mailto:usedparts@kasima3.bcapps.lt\">usedparts@kasima3.bcapps.lt<\/a><\/p>\n","protected":false},"featured_media":24536,"template":"","meta":{"_et_pb_use_builder":"","_et_pb_old_content":"","_et_gb_content_width":""},"product_brand":[],"product_cat":[458,318],"product_tag":[],"class_list":{"0":"post-24555","1":"product","2":"type-product","3":"status-publish","4":"has-post-thumbnail","6":"product_cat-citas-dalas","7":"product_cat-lietotas-detalas","9":"first","10":"instock","11":"taxable","12":"shipping-taxable","13":"purchasable","14":"product-type-simple"},"_links":{"self":[{"href":"https:\/\/kasima3.bcapps.lt\/lv\/wp-json\/wp\/v2\/product\/24555","targetHints":{"allow":["GET"]}}],"collection":[{"href":"https:\/\/kasima3.bcapps.lt\/lv\/wp-json\/wp\/v2\/product"}],"about":[{"href":"https:\/\/kasima3.bcapps.lt\/lv\/wp-json\/wp\/v2\/types\/product"}],"wp:featuredmedia":[{"embeddable":true,"href":"https:\/\/kasima3.bcapps.lt\/lv\/wp-json\/wp\/v2\/media\/24536"}],"wp:attachment":[{"href":"https:\/\/kasima3.bcapps.lt\/lv\/wp-json\/wp\/v2\/media?parent=24555"}],"wp:term":[{"taxonomy":"product_brand","embeddable":true,"href":"https:\/\/kasima3.bcapps.lt\/lv\/wp-json\/wp\/v2\/product_brand?post=24555"},{"taxonomy":"product_cat","embeddable":true,"href":"https:\/\/kasima3.bcapps.lt\/lv\/wp-json\/wp\/v2\/product_cat?post=24555"},{"taxonomy":"product_tag","embeddable":true,"href":"https:\/\/kasima3.bcapps.lt\/lv\/wp-json\/wp\/v2\/product_tag?post=24555"}],"curies":[{"name":"wp","href":"https:\/\/api.w.org\/{rel}","templated":true}]}}