{"id":24595,"date":"2024-07-25T12:12:18","date_gmt":"2024-07-25T12:12:18","guid":{"rendered":"https:\/\/kasima.lt\/produktas\/sunkiosios-technikos-starteriai\/"},"modified":"2025-10-29T08:32:16","modified_gmt":"2025-10-29T08:32:16","slug":"sunkiosios-technikos-starteriai","status":"publish","type":"product","link":"https:\/\/kasima3.bcapps.lt\/lv\/produktas\/sunkiosios-technikos-starteriai\/","title":{"rendered":"Smago ma\u0161\u012bnu starteri"},"content":{"rendered":"<p>Smag\u0101s tehnikas starteri<br \/>Mitsubishi<br \/>CASE(Bosch) <br \/>Lucas<br \/>Ra\u017eot\u0101ja da\u013cas numurs:<br \/>M2T56272<br \/>001368001<br \/>77133A<br \/>Cena nor\u0101d\u012bta par vien\u012bbu.<\/p>\n","protected":false},"excerpt":{"rendered":"<p>Cena bez PVN<\/p>\n<p>Ra\u017eot\u0101js: MITSUBISHI, LUCAS, BOSCH<br \/>Modelis: KND0024<br \/>Zvans: <a href=\"tel:+37060842988\">+37060842988<\/a><br \/>E-pasts: <a href=\"mailto:usedparts@kasima3.bcapps.lt\">usedparts@kasima3.bcapps.lt<\/a><\/p>\n","protected":false},"featured_media":24591,"template":"","meta":{"_et_pb_use_builder":"","_et_pb_old_content":"","_et_gb_content_width":""},"product_brand":[],"product_cat":[490,458,318,452],"product_tag":[],"class_list":{"0":"post-24595","1":"product","2":"type-product","3":"status-publish","4":"has-post-thumbnail","6":"product_cat-elektronikas-dalas","7":"product_cat-citas-dalas","8":"product_cat-lietotas-detalas","9":"product_cat-celtniecibas-tehnikas-dalas","11":"first","12":"instock","13":"taxable","14":"shipping-taxable","15":"purchasable","16":"product-type-simple"},"_links":{"self":[{"href":"https:\/\/kasima3.bcapps.lt\/lv\/wp-json\/wp\/v2\/product\/24595","targetHints":{"allow":["GET"]}}],"collection":[{"href":"https:\/\/kasima3.bcapps.lt\/lv\/wp-json\/wp\/v2\/product"}],"about":[{"href":"https:\/\/kasima3.bcapps.lt\/lv\/wp-json\/wp\/v2\/types\/product"}],"wp:featuredmedia":[{"embeddable":true,"href":"https:\/\/kasima3.bcapps.lt\/lv\/wp-json\/wp\/v2\/media\/24591"}],"wp:attachment":[{"href":"https:\/\/kasima3.bcapps.lt\/lv\/wp-json\/wp\/v2\/media?parent=24595"}],"wp:term":[{"taxonomy":"product_brand","embeddable":true,"href":"https:\/\/kasima3.bcapps.lt\/lv\/wp-json\/wp\/v2\/product_brand?post=24595"},{"taxonomy":"product_cat","embeddable":true,"href":"https:\/\/kasima3.bcapps.lt\/lv\/wp-json\/wp\/v2\/product_cat?post=24595"},{"taxonomy":"product_tag","embeddable":true,"href":"https:\/\/kasima3.bcapps.lt\/lv\/wp-json\/wp\/v2\/product_tag?post=24595"}],"curies":[{"name":"wp","href":"https:\/\/api.w.org\/{rel}","templated":true}]}}