{"id":24830,"date":"2024-07-26T05:33:56","date_gmt":"2024-07-26T05:33:56","guid":{"rendered":"https:\/\/kasima.lt\/produktas\/daewoo-de12tia-kuro-siurblys\/"},"modified":"2025-10-29T08:32:18","modified_gmt":"2025-10-29T08:32:18","slug":"daewoo-de12tia-kuro-siurblys","status":"publish","type":"product","link":"https:\/\/kasima3.bcapps.lt\/lv\/produktas\/daewoo-de12tia-kuro-siurblys\/","title":{"rendered":"Daewoo DE12TIA degvielas s\u016bknis"},"content":{"rendered":"<p>Daewoo DE12TIA degvielas s\u016bknis<br \/>Ra\u017eot\u0101ja da\u013cas numurs:<br \/>106675-4081<br \/>664R097322<br \/>106061-7840<br \/>6P120\/720RS3000<br \/>NP-EP\/RSV200-1300P0390311<br \/>105407-5061<\/p>\n","protected":false},"excerpt":{"rendered":"<p>Cena bez PVN<\/p>\n<p>Ra\u017eot\u0101js: DAEWOO<br \/>Modelis: KND0034<br \/>Zvans: <a href=\"tel:+37060842988\">+37060842988<\/a><br \/>E-pasts: <a href=\"mailto:usedparts@kasima3.bcapps.lt\">usedparts@kasima3.bcapps.lt<\/a><\/p>\n","protected":false},"featured_media":24806,"template":"","meta":{"_et_pb_use_builder":"","_et_pb_old_content":"","_et_gb_content_width":""},"product_brand":[],"product_cat":[458,318,452],"product_tag":[],"class_list":{"0":"post-24830","1":"product","2":"type-product","3":"status-publish","4":"has-post-thumbnail","6":"product_cat-citas-dalas","7":"product_cat-lietotas-detalas","8":"product_cat-celtniecibas-tehnikas-dalas","10":"first","11":"instock","12":"taxable","13":"shipping-taxable","14":"purchasable","15":"product-type-simple"},"_links":{"self":[{"href":"https:\/\/kasima3.bcapps.lt\/lv\/wp-json\/wp\/v2\/product\/24830","targetHints":{"allow":["GET"]}}],"collection":[{"href":"https:\/\/kasima3.bcapps.lt\/lv\/wp-json\/wp\/v2\/product"}],"about":[{"href":"https:\/\/kasima3.bcapps.lt\/lv\/wp-json\/wp\/v2\/types\/product"}],"wp:featuredmedia":[{"embeddable":true,"href":"https:\/\/kasima3.bcapps.lt\/lv\/wp-json\/wp\/v2\/media\/24806"}],"wp:attachment":[{"href":"https:\/\/kasima3.bcapps.lt\/lv\/wp-json\/wp\/v2\/media?parent=24830"}],"wp:term":[{"taxonomy":"product_brand","embeddable":true,"href":"https:\/\/kasima3.bcapps.lt\/lv\/wp-json\/wp\/v2\/product_brand?post=24830"},{"taxonomy":"product_cat","embeddable":true,"href":"https:\/\/kasima3.bcapps.lt\/lv\/wp-json\/wp\/v2\/product_cat?post=24830"},{"taxonomy":"product_tag","embeddable":true,"href":"https:\/\/kasima3.bcapps.lt\/lv\/wp-json\/wp\/v2\/product_tag?post=24830"}],"curies":[{"name":"wp","href":"https:\/\/api.w.org\/{rel}","templated":true}]}}