{"id":24845,"date":"2024-07-26T05:58:29","date_gmt":"2024-07-26T05:58:29","guid":{"rendered":"https:\/\/kasima.lt\/produktas\/daewoo-doosan-de12tia-variklio-detales\/"},"modified":"2025-10-29T08:32:18","modified_gmt":"2025-10-29T08:32:18","slug":"daewoo-doosan-de12tia-variklio-detales","status":"publish","type":"product","link":"https:\/\/kasima3.bcapps.lt\/lv\/produktas\/daewoo-doosan-de12tia-variklio-detales\/","title":{"rendered":"Daewoo Doosan DE12TIA dzin\u0113ja deta\u013cas"},"content":{"rendered":"<p>Daewoo Doosan DE12TIA dzin\u0113ja deta\u013cas<br \/>Ra\u017eo\u0161anas gads 2001m<br \/>Daewoo Mega 400V<br \/>Nr.D2366 700463ED <br \/>S\u012bk\u0101kai inform\u0101cijai par deta\u013c\u0101m, l\u016bdzu, sazinieties ar mums pa t\u0101lruni vai e-pastu.<\/p>\n","protected":false},"excerpt":{"rendered":"<p>Cena bez PVN<\/p>\n<p>Ra\u017eot\u0101js: DAEWOO<br \/>Modelis: KND0035<br \/>Zvans: <a href=\"tel:+37060842988\">+37060842988<\/a><br \/>E-pasts: <a href=\"mailto:usedparts@kasima3.bcapps.lt\">usedparts@kasima3.bcapps.lt<\/a><\/p>\n","protected":false},"featured_media":24841,"template":"","meta":{"_et_pb_use_builder":"","_et_pb_old_content":"","_et_gb_content_width":""},"product_brand":[],"product_cat":[458,318,452],"product_tag":[],"class_list":{"0":"post-24845","1":"product","2":"type-product","3":"status-publish","4":"has-post-thumbnail","6":"product_cat-citas-dalas","7":"product_cat-lietotas-detalas","8":"product_cat-celtniecibas-tehnikas-dalas","10":"first","11":"instock","12":"taxable","13":"shipping-taxable","14":"purchasable","15":"product-type-simple"},"_links":{"self":[{"href":"https:\/\/kasima3.bcapps.lt\/lv\/wp-json\/wp\/v2\/product\/24845","targetHints":{"allow":["GET"]}}],"collection":[{"href":"https:\/\/kasima3.bcapps.lt\/lv\/wp-json\/wp\/v2\/product"}],"about":[{"href":"https:\/\/kasima3.bcapps.lt\/lv\/wp-json\/wp\/v2\/types\/product"}],"wp:featuredmedia":[{"embeddable":true,"href":"https:\/\/kasima3.bcapps.lt\/lv\/wp-json\/wp\/v2\/media\/24841"}],"wp:attachment":[{"href":"https:\/\/kasima3.bcapps.lt\/lv\/wp-json\/wp\/v2\/media?parent=24845"}],"wp:term":[{"taxonomy":"product_brand","embeddable":true,"href":"https:\/\/kasima3.bcapps.lt\/lv\/wp-json\/wp\/v2\/product_brand?post=24845"},{"taxonomy":"product_cat","embeddable":true,"href":"https:\/\/kasima3.bcapps.lt\/lv\/wp-json\/wp\/v2\/product_cat?post=24845"},{"taxonomy":"product_tag","embeddable":true,"href":"https:\/\/kasima3.bcapps.lt\/lv\/wp-json\/wp\/v2\/product_tag?post=24845"}],"curies":[{"name":"wp","href":"https:\/\/api.w.org\/{rel}","templated":true}]}}