{"id":24880,"date":"2024-07-26T06:23:49","date_gmt":"2024-07-26T06:23:49","guid":{"rendered":"https:\/\/kasima.lt\/produktas\/liebher-l544-vaziuokles-priekinio-tilto-detales\/"},"modified":"2025-10-29T08:32:18","modified_gmt":"2025-10-29T08:32:18","slug":"liebher-l544-vaziuokles-priekinio-tilto-detales","status":"publish","type":"product","link":"https:\/\/kasima3.bcapps.lt\/lv\/produktas\/liebher-l544-vaziuokles-priekinio-tilto-detales\/","title":{"rendered":"Liebher L544 \u0161asijas priek\u0161\u0113j\u0101s ass da\u013cas"},"content":{"rendered":"<p>Kaina be PVM Gamintojas: ZF <br \/> Modelis: KSM0036 Skambinkite: <a href=\"tel:+37060842988\">+37060842988<\/a> Ra\u0161ykite: <a href=\"mailto:usedparts@kasima3.bcapps.lt\">usedparts@kasima3.bcapps.lt<\/a>Cena bez PVN<\/p>\n<p>Ra\u017eot\u0101js: ZF<br \/>Modelis: KND0036<br \/>Zvans: <a href=\"tel:+37060842988\">+37060842988<\/a><br \/>E-pasts: <a href=\"mailto:usedparts@kasima3.bcapps.lt\">usedparts@kasima3.bcapps.lt<\/a>tel:+37060842988tel:+37060842988mailto:usedparts@kasima3.bcapps.ltmailto:usedparts@kasima3.bcapps.ltKSM0036 3KSM0036 3KSM0036 1KSM0036 1KSM0036 2KSM0036 2KSM0036 4KSM0036 4KSM0036 5KSM0036 5KSM0036 6KSM0036 6 <\/p>\n","protected":false},"excerpt":{"rendered":"<p>Cena bez PVN<\/p>\n<p>Ra\u017eot\u0101js: ZF<br \/>Modelis: KND0036<br \/>Zvans: <a href=\"tel:+37060842988\">+37060842988<\/a><br \/>E-pasts: <a href=\"mailto:usedparts@kasima3.bcapps.lt\">usedparts@kasima3.bcapps.lt<\/a><\/p>\n","protected":false},"featured_media":24861,"template":"","meta":{"_et_pb_use_builder":"","_et_pb_old_content":"","_et_gb_content_width":""},"product_brand":[],"product_cat":[458,318,452],"product_tag":[],"class_list":{"0":"post-24880","1":"product","2":"type-product","3":"status-publish","4":"has-post-thumbnail","6":"product_cat-citas-dalas","7":"product_cat-lietotas-detalas","8":"product_cat-celtniecibas-tehnikas-dalas","10":"first","11":"instock","12":"taxable","13":"shipping-taxable","14":"purchasable","15":"product-type-simple"},"_links":{"self":[{"href":"https:\/\/kasima3.bcapps.lt\/lv\/wp-json\/wp\/v2\/product\/24880","targetHints":{"allow":["GET"]}}],"collection":[{"href":"https:\/\/kasima3.bcapps.lt\/lv\/wp-json\/wp\/v2\/product"}],"about":[{"href":"https:\/\/kasima3.bcapps.lt\/lv\/wp-json\/wp\/v2\/types\/product"}],"wp:featuredmedia":[{"embeddable":true,"href":"https:\/\/kasima3.bcapps.lt\/lv\/wp-json\/wp\/v2\/media\/24861"}],"wp:attachment":[{"href":"https:\/\/kasima3.bcapps.lt\/lv\/wp-json\/wp\/v2\/media?parent=24880"}],"wp:term":[{"taxonomy":"product_brand","embeddable":true,"href":"https:\/\/kasima3.bcapps.lt\/lv\/wp-json\/wp\/v2\/product_brand?post=24880"},{"taxonomy":"product_cat","embeddable":true,"href":"https:\/\/kasima3.bcapps.lt\/lv\/wp-json\/wp\/v2\/product_cat?post=24880"},{"taxonomy":"product_tag","embeddable":true,"href":"https:\/\/kasima3.bcapps.lt\/lv\/wp-json\/wp\/v2\/product_tag?post=24880"}],"curies":[{"name":"wp","href":"https:\/\/api.w.org\/{rel}","templated":true}]}}