{"id":24948,"date":"2024-07-29T13:04:45","date_gmt":"2024-07-29T13:04:45","guid":{"rendered":"https:\/\/kasima.lt\/produktas\/john-deere-6910s-variklio-kontroleris-ecu\/"},"modified":"2025-10-29T08:32:19","modified_gmt":"2025-10-29T08:32:19","slug":"john-deere-6910s-variklio-kontroleris-ecu","status":"publish","type":"product","link":"https:\/\/kasima3.bcapps.lt\/lv\/produktas\/john-deere-6910s-variklio-kontroleris-ecu\/","title":{"rendered":"John Deere 6910S dzin\u0113ja vad\u012bbas kontrolieris ECU"},"content":{"rendered":"<p>John Deere 6910S dzin\u0113ja kontrolieris ECU <br \/>Level 4 12V <br \/>Ra\u017eot\u0101ja da\u013cas numurs: RE506664 <br \/>Dzin\u0113ja numurs un modelis: <br \/>CD6068T604489 <br \/>6068TLA53 <br \/>L06910A284860<\/p>\n","protected":false},"excerpt":{"rendered":"<p>Cena bez PVN <br \/>Ra\u017eot\u0101js: JOHN DEERE <br \/>Modelis: JD6910S0030 <br \/><a href=\"tel:+37060842988\">Zvaniet: +37060842988 <\/a><br \/><a href=\"mailto:usedparts@kasima3.bcapps.lt\">Rakstiet: usedparts@kasima3.bcapps.lt<\/a><\/p>\n","protected":false},"featured_media":24934,"template":"","meta":{"_et_pb_use_builder":"","_et_pb_old_content":"","_et_gb_content_width":""},"product_brand":[],"product_cat":[467,490,318,455],"product_tag":[],"class_list":{"0":"post-24948","1":"product","2":"type-product","3":"status-publish","4":"has-post-thumbnail","6":"product_cat-john-deere-dalas","7":"product_cat-elektronikas-dalas","8":"product_cat-lietotas-detalas","9":"product_cat-lauksaimniecibas-tehnikas-dalas","11":"first","12":"instock","13":"taxable","14":"shipping-taxable","15":"purchasable","16":"product-type-simple"},"_links":{"self":[{"href":"https:\/\/kasima3.bcapps.lt\/lv\/wp-json\/wp\/v2\/product\/24948","targetHints":{"allow":["GET"]}}],"collection":[{"href":"https:\/\/kasima3.bcapps.lt\/lv\/wp-json\/wp\/v2\/product"}],"about":[{"href":"https:\/\/kasima3.bcapps.lt\/lv\/wp-json\/wp\/v2\/types\/product"}],"wp:featuredmedia":[{"embeddable":true,"href":"https:\/\/kasima3.bcapps.lt\/lv\/wp-json\/wp\/v2\/media\/24934"}],"wp:attachment":[{"href":"https:\/\/kasima3.bcapps.lt\/lv\/wp-json\/wp\/v2\/media?parent=24948"}],"wp:term":[{"taxonomy":"product_brand","embeddable":true,"href":"https:\/\/kasima3.bcapps.lt\/lv\/wp-json\/wp\/v2\/product_brand?post=24948"},{"taxonomy":"product_cat","embeddable":true,"href":"https:\/\/kasima3.bcapps.lt\/lv\/wp-json\/wp\/v2\/product_cat?post=24948"},{"taxonomy":"product_tag","embeddable":true,"href":"https:\/\/kasima3.bcapps.lt\/lv\/wp-json\/wp\/v2\/product_tag?post=24948"}],"curies":[{"name":"wp","href":"https:\/\/api.w.org\/{rel}","templated":true}]}}