{"id":25248,"date":"2024-08-02T08:28:44","date_gmt":"2024-08-02T08:28:44","guid":{"rendered":"https:\/\/kasima.lt\/produktas\/atlas-1604-deutz-bf6m2012c-variklis\/"},"modified":"2025-10-29T08:32:22","modified_gmt":"2025-10-29T08:32:22","slug":"atlas-1604-deutz-bf6m2012c-variklis","status":"publish","type":"product","link":"https:\/\/kasima3.bcapps.lt\/lv\/produktas\/atlas-1604-deutz-bf6m2012c-variklis\/","title":{"rendered":"Atlas 1604 Deutz BF6M2012C dzin\u0113js"},"content":{"rendered":"<p>Lietots Atlas 1604 dzin\u0113js (BF6M2012C)<br \/>M\u0113s pied\u0101v\u0101jam lietotu Deutz BF6M2012C dzin\u0113ju no Atlas 1604 ekskavatora. \u0160is dzin\u0113js ir paz\u012bstams ar savu uzticam\u012bbu un veiktsp\u0113ju, t\u0101p\u0113c tas ir ide\u0101ls aizst\u0101j\u0113js lielas noslodzes celtniec\u012bbas iek\u0101rt\u0101m.<br \/>Galven\u0101s funkcijas:<br \/>Modelis: Deutz BF6M2012C<br \/>Gads:2003<br \/>Dzin\u0113ja jauda: 162HP\/121kW<br \/>2200 APGRIEZIENI MIN\u016aT\u0112<br \/>6.0057Ltr<br \/>St\u0101voklis:Lietots, piln\u012bb\u0101 funkcion\u0113jo\u0161s un labi uztur\u0113ts<br \/>Dzin\u0113ja tips:6 cilindru d\u012bze\u013cdzin\u0113js ar turbokompresoru<br \/>Jauda:Augstas veiktsp\u0113jas dzin\u0113js, paredz\u0113ts smagajiem meh\u0101nismiem<br \/>Degvielas pat\u0113ri\u0146a efektivit\u0101te: Paz\u012bstams ar efekt\u012bvu degvielas pat\u0113ri\u0146u, kas samazina ekspluat\u0101cijas izmaksas.<br \/>Deutz BF6M2012C dzin\u0113ja sader\u012bg\u0101s ma\u0161\u012bnas:<br \/>Atlas 1604 &#8211; ekskavators<br \/>Atlas 1404 &#8211; Rite\u0146u un k\u0101pur\u0137\u0113\u017eu ekskavatori<br \/>Terex TW160 &#8211; Rite\u0146u ekskavators<br \/>Fuchs MHL331 &#8211; materi\u0101lu iekr\u0101v\u0113ji<br \/>Liebherr 900 s\u0113rija &#8211; ekskavatori (da\u017ei mode\u013ci)<br \/>Deutz-Fahr Agrotron &#8211; Lauksaimniec\u012bbas traktori (da\u017e\u0101di mode\u013ci)<br \/>Claas Jaguar &#8211; lopbar\u012bbas kombaini<br \/>Manitou MLT s\u0113rija &#8211; Teleskopiskie iekr\u0101v\u0113ji<br \/>Merlo Teleskopiskie iekr\u0101v\u0113ji &#8211; da\u017e\u0101di mode\u013ci<br \/>Sch\u00e4ffer Loaders &#8211; rite\u0146iekr\u0101v\u0113ji<br \/>BOMAG BW s\u0113rija &#8211; velt\u0146i un bliet\u0113t\u0101ji     <iframe loading=\"lazy\" title=\"Used Atlas 1604 engine for sale\" width=\"1080\" height=\"608\" src=\"https:\/\/www.youtube.com\/embed\/ifs1InRgaoY?feature=oembed\"  allow=\"accelerometer; autoplay; clipboard-write; encrypted-media; gyroscope; picture-in-picture; web-share\" referrerpolicy=\"strict-origin-when-cross-origin\" allowfullscreen><\/iframe><\/p>\n","protected":false},"excerpt":{"rendered":"<p>Cena bez PVN<\/p>\n<p>Ra\u017eot\u0101js: DEUTZ<br \/>Modelis: AT16040001<br \/>Zvans: <a href=\"tel:+37060842988\">+37060842988<\/a><br \/>E-pasts: <a href=\"mailto:usedparts@kasima3.bcapps.lt\">usedparts@kasima3.bcapps.lt<\/a><\/p>\n","protected":false},"featured_media":34639,"template":"","meta":{"_et_pb_use_builder":"","_et_pb_old_content":"","_et_gb_content_width":""},"product_brand":[],"product_cat":[484,318,452],"product_tag":[],"class_list":{"0":"post-25248","1":"product","2":"type-product","3":"status-publish","4":"has-post-thumbnail","6":"product_cat-atlas-dalas","7":"product_cat-lietotas-detalas","8":"product_cat-celtniecibas-tehnikas-dalas","10":"first","11":"instock","12":"taxable","13":"shipping-taxable","14":"purchasable","15":"product-type-simple"},"_links":{"self":[{"href":"https:\/\/kasima3.bcapps.lt\/lv\/wp-json\/wp\/v2\/product\/25248","targetHints":{"allow":["GET"]}}],"collection":[{"href":"https:\/\/kasima3.bcapps.lt\/lv\/wp-json\/wp\/v2\/product"}],"about":[{"href":"https:\/\/kasima3.bcapps.lt\/lv\/wp-json\/wp\/v2\/types\/product"}],"wp:featuredmedia":[{"embeddable":true,"href":"https:\/\/kasima3.bcapps.lt\/lv\/wp-json\/wp\/v2\/media\/34639"}],"wp:attachment":[{"href":"https:\/\/kasima3.bcapps.lt\/lv\/wp-json\/wp\/v2\/media?parent=25248"}],"wp:term":[{"taxonomy":"product_brand","embeddable":true,"href":"https:\/\/kasima3.bcapps.lt\/lv\/wp-json\/wp\/v2\/product_brand?post=25248"},{"taxonomy":"product_cat","embeddable":true,"href":"https:\/\/kasima3.bcapps.lt\/lv\/wp-json\/wp\/v2\/product_cat?post=25248"},{"taxonomy":"product_tag","embeddable":true,"href":"https:\/\/kasima3.bcapps.lt\/lv\/wp-json\/wp\/v2\/product_tag?post=25248"}],"curies":[{"name":"wp","href":"https:\/\/api.w.org\/{rel}","templated":true}]}}