{"id":25489,"date":"2024-08-05T12:20:54","date_gmt":"2024-08-05T12:20:54","guid":{"rendered":"https:\/\/kasima.lt\/produktas\/asfalto-freza-wirtgen-w50dc-2008\/"},"modified":"2025-10-29T08:32:23","modified_gmt":"2025-10-29T08:32:23","slug":"asfalto-freza-wirtgen-w50dc-2008","status":"publish","type":"product","link":"https:\/\/kasima3.bcapps.lt\/lv\/produktas\/asfalto-freza-wirtgen-w50dc-2008\/","title":{"rendered":"Asfalta fr\u0113ze Wirtgen W50DC, 2008. gads"},"content":{"rendered":"<p>Nav ekspluat\u0113ts Lietuv\u0101<br \/>Hidrauliskais p\u0101rsegs<br \/>Piln\u012bb\u0101 darbojas<br \/>Jaunas riepas <br \/>\u013boti lab\u0101 st\u0101vokl\u012b<br \/>Fl\u012bz\u0113\u0161anas 500 mm. bungas<br \/>Bungas ap\u016bde\u0146o\u0161anas sist\u0113ma<br \/>Izgatavo\u0161anas gads 2008<br \/>Dzin\u0113js DEUTZ 92 kw<br \/>Motora stundas 5145.<br \/> <a href=\"https:\/\/www.youtube.com\/watch?v=zOplhHnIn54t=6s\">https:\/\/www.youtube.com\/watch?v=zOplhHnIn54t=6s<\/a><\/p>\n","protected":false},"excerpt":{"rendered":"<p>Cena bez PVN<\/p>\n<p>Ra\u017eot\u0101js: WIRTGEN<br \/>Modelis: W50DC<br \/>Zvans: <a href=\"tel:+37067607071\">+37067607071<\/a><br \/>E-pasts: <a href=\"mailto:sales@kasima3.bcapps.lt\">sales@kasima3.bcapps.lt<\/a><\/p>\n","protected":false},"featured_media":25365,"template":"","meta":{"_et_pb_use_builder":"","_et_pb_old_content":"","_et_gb_content_width":""},"product_brand":[],"product_cat":[208],"product_tag":[],"class_list":{"0":"post-25489","1":"product","2":"type-product","3":"status-publish","4":"has-post-thumbnail","6":"product_cat-celu-buvnieciba","8":"first","9":"outofstock","10":"taxable","11":"shipping-taxable","12":"product-type-simple"},"_links":{"self":[{"href":"https:\/\/kasima3.bcapps.lt\/lv\/wp-json\/wp\/v2\/product\/25489","targetHints":{"allow":["GET"]}}],"collection":[{"href":"https:\/\/kasima3.bcapps.lt\/lv\/wp-json\/wp\/v2\/product"}],"about":[{"href":"https:\/\/kasima3.bcapps.lt\/lv\/wp-json\/wp\/v2\/types\/product"}],"wp:featuredmedia":[{"embeddable":true,"href":"https:\/\/kasima3.bcapps.lt\/lv\/wp-json\/wp\/v2\/media\/25365"}],"wp:attachment":[{"href":"https:\/\/kasima3.bcapps.lt\/lv\/wp-json\/wp\/v2\/media?parent=25489"}],"wp:term":[{"taxonomy":"product_brand","embeddable":true,"href":"https:\/\/kasima3.bcapps.lt\/lv\/wp-json\/wp\/v2\/product_brand?post=25489"},{"taxonomy":"product_cat","embeddable":true,"href":"https:\/\/kasima3.bcapps.lt\/lv\/wp-json\/wp\/v2\/product_cat?post=25489"},{"taxonomy":"product_tag","embeddable":true,"href":"https:\/\/kasima3.bcapps.lt\/lv\/wp-json\/wp\/v2\/product_tag?post=25489"}],"curies":[{"name":"wp","href":"https:\/\/api.w.org\/{rel}","templated":true}]}}