{"id":26719,"date":"2024-08-27T08:45:08","date_gmt":"2024-08-27T08:45:08","guid":{"rendered":"https:\/\/kasima.lt\/produktas\/john-deere-6910s-transmisija\/"},"modified":"2025-10-29T08:32:31","modified_gmt":"2025-10-29T08:32:31","slug":"john-deere-6910s-transmisija","status":"publish","type":"product","link":"https:\/\/kasima3.bcapps.lt\/lv\/produktas\/john-deere-6910s-transmisija\/","title":{"rendered":"John Deere 6910S transmisija"},"content":{"rendered":"<p>John Deere 6910S transmisija <br \/>Ra\u017eot\u0101ja da\u013cas numurs:<br \/>PG203663<br \/>AL159442<br \/>R109523<br \/>R121150<br \/>R113656<br \/>R122139<br \/>R122321<br \/>RE201076<br \/>RE226393<br \/>RE217516<br \/>R101159<br \/>RE41265<br \/>RE150862<br \/>R109001<br \/>RE222632<br \/>R121885<br \/>R129797<br \/>AL112507<br \/>RE62120<\/p>\n","protected":false},"excerpt":{"rendered":"<p>Cena bez PVN<\/p>\n<p>Ra\u017eot\u0101js: JOHN DEERE<br \/>Modelis: JD6910S0023<br \/>Zvans: <a href=\"tel:+37060842988\">+37060842988<\/a><br \/>E-pasts: <a href=\"mailto:usedparts@kasima3.bcapps.lt\">usedparts@kasima3.bcapps.lt<\/a><\/p>\n","protected":false},"featured_media":26706,"template":"","meta":{"_et_pb_use_builder":"","_et_pb_old_content":"","_et_gb_content_width":""},"product_brand":[],"product_cat":[467,318,455],"product_tag":[],"class_list":{"0":"post-26719","1":"product","2":"type-product","3":"status-publish","4":"has-post-thumbnail","6":"product_cat-john-deere-dalas","7":"product_cat-lietotas-detalas","8":"product_cat-lauksaimniecibas-tehnikas-dalas","10":"first","11":"instock","12":"taxable","13":"shipping-taxable","14":"product-type-simple"},"_links":{"self":[{"href":"https:\/\/kasima3.bcapps.lt\/lv\/wp-json\/wp\/v2\/product\/26719","targetHints":{"allow":["GET"]}}],"collection":[{"href":"https:\/\/kasima3.bcapps.lt\/lv\/wp-json\/wp\/v2\/product"}],"about":[{"href":"https:\/\/kasima3.bcapps.lt\/lv\/wp-json\/wp\/v2\/types\/product"}],"wp:featuredmedia":[{"embeddable":true,"href":"https:\/\/kasima3.bcapps.lt\/lv\/wp-json\/wp\/v2\/media\/26706"}],"wp:attachment":[{"href":"https:\/\/kasima3.bcapps.lt\/lv\/wp-json\/wp\/v2\/media?parent=26719"}],"wp:term":[{"taxonomy":"product_brand","embeddable":true,"href":"https:\/\/kasima3.bcapps.lt\/lv\/wp-json\/wp\/v2\/product_brand?post=26719"},{"taxonomy":"product_cat","embeddable":true,"href":"https:\/\/kasima3.bcapps.lt\/lv\/wp-json\/wp\/v2\/product_cat?post=26719"},{"taxonomy":"product_tag","embeddable":true,"href":"https:\/\/kasima3.bcapps.lt\/lv\/wp-json\/wp\/v2\/product_tag?post=26719"}],"curies":[{"name":"wp","href":"https:\/\/api.w.org\/{rel}","templated":true}]}}