{"id":26789,"date":"2024-08-27T11:39:42","date_gmt":"2024-08-27T11:39:42","guid":{"rendered":"https:\/\/kasima.lt\/produktas\/john-deere-6910s-aizmugurejais-tilts\/"},"modified":"2025-10-29T08:32:31","modified_gmt":"2025-10-29T08:32:31","slug":"john-deere-6910s-aizmugurejais-tilts","status":"publish","type":"product","link":"https:\/\/kasima3.bcapps.lt\/lv\/produktas\/john-deere-6910s-aizmugurejais-tilts\/","title":{"rendered":"John Deere 6910S aizmugur\u0113j\u0101s ass diferenci\u0101lis"},"content":{"rendered":"<p>Lietots ori\u0123in\u0101liek\u0101rtas diferenci\u0101lis, kas no\u0146emts no traktora John Deere 6910S. Tas ir lab\u0101 darba st\u0101vokl\u012b, un pirms p\u0101rdo\u0161anas to r\u016bp\u012bgi p\u0101rbaud\u012bja m\u016bsu kvalific\u0113ti meh\u0101ni\u0137i. <br \/>\u012apa\u0161\u012bbas:<br \/>OEM rezerves diferenci\u0101lis John Deere 6910S <br \/>Svars un izm\u0113ri transport\u0113\u0161anai:<br \/>&#8211; 500-600 kg <br \/>&#8211; 120 x 80 x 100cm<br \/>Deta\u013cu numuri:<br \/>&#8211; RE166551<br \/>&#8211; RE564865<br \/>&#8211; RE62120 <br \/>&#8211; R131177<br \/>&#8211; R136304<br \/>&#8211; R245813<br \/>&#8211; RE66208<br \/>&#8211; RE64467 <br \/>&#8211; R129768<br \/>&#8211; AL167172 <br \/>&#8211; R169905<br \/>&#8211; R163146<br \/>&#8211; R159013<\/p>\n","protected":false},"excerpt":{"rendered":"<p>Cena bez PVN<\/p>\n<p>Ra\u017eot\u0101js: JOHN DEERE<br \/>Modelis: JD6910S0012<br \/>Zvans: <a href=\"tel:+37060842988\">+37060842988<\/a><br \/>E-pasts: <a href=\"mailto:usedparts@kasima3.bcapps.lt\">usedparts@kasima3.bcapps.lt<\/a><\/p>\n","protected":false},"featured_media":57097,"template":"","meta":{"_et_pb_use_builder":"","_et_pb_old_content":"","_et_gb_content_width":""},"product_brand":[],"product_cat":[467,318,455],"product_tag":[],"class_list":{"0":"post-26789","1":"product","2":"type-product","3":"status-publish","4":"has-post-thumbnail","6":"product_cat-john-deere-dalas","7":"product_cat-lietotas-detalas","8":"product_cat-lauksaimniecibas-tehnikas-dalas","10":"first","11":"instock","12":"taxable","13":"shipping-taxable","14":"product-type-simple"},"_links":{"self":[{"href":"https:\/\/kasima3.bcapps.lt\/lv\/wp-json\/wp\/v2\/product\/26789","targetHints":{"allow":["GET"]}}],"collection":[{"href":"https:\/\/kasima3.bcapps.lt\/lv\/wp-json\/wp\/v2\/product"}],"about":[{"href":"https:\/\/kasima3.bcapps.lt\/lv\/wp-json\/wp\/v2\/types\/product"}],"wp:featuredmedia":[{"embeddable":true,"href":"https:\/\/kasima3.bcapps.lt\/lv\/wp-json\/wp\/v2\/media\/57097"}],"wp:attachment":[{"href":"https:\/\/kasima3.bcapps.lt\/lv\/wp-json\/wp\/v2\/media?parent=26789"}],"wp:term":[{"taxonomy":"product_brand","embeddable":true,"href":"https:\/\/kasima3.bcapps.lt\/lv\/wp-json\/wp\/v2\/product_brand?post=26789"},{"taxonomy":"product_cat","embeddable":true,"href":"https:\/\/kasima3.bcapps.lt\/lv\/wp-json\/wp\/v2\/product_cat?post=26789"},{"taxonomy":"product_tag","embeddable":true,"href":"https:\/\/kasima3.bcapps.lt\/lv\/wp-json\/wp\/v2\/product_tag?post=26789"}],"curies":[{"name":"wp","href":"https:\/\/api.w.org\/{rel}","templated":true}]}}