{"id":27146,"date":"2024-08-30T10:44:48","date_gmt":"2024-08-30T10:44:48","guid":{"rendered":"https:\/\/kasima.lt\/produktas\/john-deere-6910s-gaisa-kondicionesanas-sistema\/"},"modified":"2025-10-29T08:32:34","modified_gmt":"2025-10-29T08:32:34","slug":"john-deere-6910s-gaisa-kondicionesanas-sistema","status":"publish","type":"product","link":"https:\/\/kasima3.bcapps.lt\/lv\/produktas\/john-deere-6910s-gaisa-kondicionesanas-sistema\/","title":{"rendered":"John Deere 6910S gaisa kondicion\u0113\u0161anas sist\u0113ma"},"content":{"rendered":"<p>John Deere 6910S gaisa kondicion\u0113\u0161anas sist\u0113ma<br \/>Sist\u0113mu veido siltummainis<br \/>Gaisa kondicionieris<br \/>Gaisa kondicionieris<br \/>Kompresors <br \/>E\u013c\u013cas dzes\u0113t\u0101js<br \/>Gaisa kondicioniera filtrs<br \/>Gaisa mitrin\u0101t\u0101js<br \/>\u0160\u013c\u016btenes<br \/>Ra\u017eot\u0101ja da\u013cas numurs:<br \/>RE180243<br \/>RE57575<br \/>AL78779<br \/>AL161960<br \/>AL77581<\/p>\n","protected":false},"excerpt":{"rendered":"<p>Cena bez PVN<\/p>\n<p>Ra\u017eot\u0101js: JOHN DEERE<br \/>Modelis: JD6910S0053<br \/>Zvans: <a href=\"tel:+37060842988\">+37060842988<\/a><br \/>E-pasts: <a href=\"mailto:usedparts@kasima3.bcapps.lt\">usedparts@kasima3.bcapps.lt<\/a><\/p>\n","protected":false},"featured_media":27143,"template":"","meta":{"_et_pb_use_builder":"","_et_pb_old_content":"","_et_gb_content_width":""},"product_brand":[],"product_cat":[467,318,455],"product_tag":[],"class_list":{"0":"post-27146","1":"product","2":"type-product","3":"status-publish","4":"has-post-thumbnail","6":"product_cat-john-deere-dalas","7":"product_cat-lietotas-detalas","8":"product_cat-lauksaimniecibas-tehnikas-dalas","10":"first","11":"instock","12":"taxable","13":"shipping-taxable","14":"purchasable","15":"product-type-simple"},"_links":{"self":[{"href":"https:\/\/kasima3.bcapps.lt\/lv\/wp-json\/wp\/v2\/product\/27146","targetHints":{"allow":["GET"]}}],"collection":[{"href":"https:\/\/kasima3.bcapps.lt\/lv\/wp-json\/wp\/v2\/product"}],"about":[{"href":"https:\/\/kasima3.bcapps.lt\/lv\/wp-json\/wp\/v2\/types\/product"}],"wp:featuredmedia":[{"embeddable":true,"href":"https:\/\/kasima3.bcapps.lt\/lv\/wp-json\/wp\/v2\/media\/27143"}],"wp:attachment":[{"href":"https:\/\/kasima3.bcapps.lt\/lv\/wp-json\/wp\/v2\/media?parent=27146"}],"wp:term":[{"taxonomy":"product_brand","embeddable":true,"href":"https:\/\/kasima3.bcapps.lt\/lv\/wp-json\/wp\/v2\/product_brand?post=27146"},{"taxonomy":"product_cat","embeddable":true,"href":"https:\/\/kasima3.bcapps.lt\/lv\/wp-json\/wp\/v2\/product_cat?post=27146"},{"taxonomy":"product_tag","embeddable":true,"href":"https:\/\/kasima3.bcapps.lt\/lv\/wp-json\/wp\/v2\/product_tag?post=27146"}],"curies":[{"name":"wp","href":"https:\/\/api.w.org\/{rel}","templated":true}]}}