{"id":27271,"date":"2024-09-03T08:38:37","date_gmt":"2024-09-03T08:38:37","guid":{"rendered":"https:\/\/kasima.lt\/produktas\/cnf-swp180-tvertnes-slota\/"},"modified":"2025-10-29T08:32:36","modified_gmt":"2025-10-29T08:32:36","slug":"cnf-swp180-tvertnes-slota","status":"publish","type":"product","link":"https:\/\/kasima3.bcapps.lt\/lv\/produktas\/cnf-swp180-tvertnes-slota\/","title":{"rendered":"Slota ar sav\u0101c\u0113jtvertni CNF SWP180"},"content":{"rendered":"<p>Ra\u017eots It\u0101lij\u0101<br \/>Ra\u017eot\u0101ja garantija<br \/>Bunkuru slotas platums 1825 mm.<br \/>Svars 410 kg.<br \/>Slotas segmentu diametrs 560 mm.<br \/>Bunkuru tilpums 475 ltr.<br \/>Minim\u0101l\u0101 &#8211; maksim\u0101l\u0101 hidraulisk\u0101s e\u013c\u013cas pl\u016bsma 40 &#8211; 100 ltr\/min.<br \/>HARDOX divpus\u0113ji skr\u016bv\u0113jams asmens<br \/>\u0136\u0113des transmisija<br \/>Hidraulisk\u0101s \u0161\u013c\u016btenes un sprauslas<br \/>Priek\u0161\u0113jie un s\u0101nu gumijas aizsargi<br \/>Priek\u0161\u0113jais tvertnes aizsargs<br \/>Pacel\u0161anas uzga\u013ci<br \/>Piem\u0113rots vairumam sl\u012bdkr\u0101v\u0113ju tipu. <\/p>\n","protected":false},"excerpt":{"rendered":"<p>Cena bez PVN<\/p>\n<p>Ra\u017eot\u0101js: CNF<br \/>Modelis: SWP180<br \/>Zvans: <a href=\"tel:+37067607071\">+37067607071<\/a><br \/>E-pasts: <a href=\"mailto:sales@kasima3.bcapps.lt\">sales@kasima3.bcapps.lt<\/a><\/p>\n","protected":false},"featured_media":27238,"template":"","meta":{"_et_pb_use_builder":"","_et_pb_old_content":"","_et_gb_content_width":""},"product_brand":[],"product_cat":[153,154,155,291,151],"product_tag":[],"class_list":{"0":"post-27271","1":"product","2":"type-product","3":"status-publish","4":"has-post-thumbnail","6":"product_cat-15-3-tonnas","7":"product_cat-3-5-tonnas","8":"product_cat-jauns","9":"product_cat-hidrauliskas-slotas-lv","10":"product_cat-mini-iekraveji","12":"first","13":"instock","14":"taxable","15":"shipping-taxable","16":"purchasable","17":"product-type-simple"},"_links":{"self":[{"href":"https:\/\/kasima3.bcapps.lt\/lv\/wp-json\/wp\/v2\/product\/27271","targetHints":{"allow":["GET"]}}],"collection":[{"href":"https:\/\/kasima3.bcapps.lt\/lv\/wp-json\/wp\/v2\/product"}],"about":[{"href":"https:\/\/kasima3.bcapps.lt\/lv\/wp-json\/wp\/v2\/types\/product"}],"wp:featuredmedia":[{"embeddable":true,"href":"https:\/\/kasima3.bcapps.lt\/lv\/wp-json\/wp\/v2\/media\/27238"}],"wp:attachment":[{"href":"https:\/\/kasima3.bcapps.lt\/lv\/wp-json\/wp\/v2\/media?parent=27271"}],"wp:term":[{"taxonomy":"product_brand","embeddable":true,"href":"https:\/\/kasima3.bcapps.lt\/lv\/wp-json\/wp\/v2\/product_brand?post=27271"},{"taxonomy":"product_cat","embeddable":true,"href":"https:\/\/kasima3.bcapps.lt\/lv\/wp-json\/wp\/v2\/product_cat?post=27271"},{"taxonomy":"product_tag","embeddable":true,"href":"https:\/\/kasima3.bcapps.lt\/lv\/wp-json\/wp\/v2\/product_tag?post=27271"}],"curies":[{"name":"wp","href":"https:\/\/api.w.org\/{rel}","templated":true}]}}