{"id":27570,"date":"2024-09-06T08:04:03","date_gmt":"2024-09-06T08:04:03","guid":{"rendered":"https:\/\/kasima.lt\/produktas\/kubota-v2203-dzinejs-uz-rezerves-dalam\/"},"modified":"2025-10-29T08:32:44","modified_gmt":"2025-10-29T08:32:44","slug":"kubota-v2203-dzinejs-uz-rezerves-dalam","status":"publish","type":"product","link":"https:\/\/kasima3.bcapps.lt\/lv\/produktas\/kubota-v2203-dzinejs-uz-rezerves-dalam\/","title":{"rendered":"Kubota V2203 dzin\u0113js uz rezerves da\u013c\u0101m"},"content":{"rendered":"<p>Kubota V2203 dzin\u0113js p\u0101rdo\u0161anai uz deta\u013c\u0101m<br \/>Dzin\u0113ja tips: V2203-M-DI-EU2<br \/>Dzin\u0113ja grupa: 3KBXL02.2ECD<br \/>Darba tilpums: 2.2L<br \/>Jauda: 36.4kW<br \/>Gads: 2004<br \/>Lai ieg\u016btu vair\u0101k inform\u0101cijas, l\u016bdzu, sazinieties ar mums pa t\u0101lruni vai e-pastu.<\/p>\n","protected":false},"excerpt":{"rendered":"<p>Cena bez PVN<\/p>\n<p>Ra\u017eot\u0101js: KUBOTA<br \/>Modelis: KND0056<br \/>Zvans: <a href=\"tel:+37060842988\">+37060842988<\/a><br \/>E-pasts: <a href=\"mailto:usedparts@kasima3.bcapps.lt\">usedparts@kasima3.bcapps.lt<\/a><\/p>\n","protected":false},"featured_media":27557,"template":"","meta":{"_et_pb_use_builder":"","_et_pb_old_content":"","_et_gb_content_width":""},"product_brand":[],"product_cat":[400,318,452],"product_tag":[],"class_list":{"0":"post-27570","1":"product","2":"type-product","3":"status-publish","4":"has-post-thumbnail","6":"product_cat-kubota-dalas","7":"product_cat-lietotas-detalas","8":"product_cat-celtniecibas-tehnikas-dalas","10":"first","11":"instock","12":"taxable","13":"shipping-taxable","14":"product-type-simple"},"_links":{"self":[{"href":"https:\/\/kasima3.bcapps.lt\/lv\/wp-json\/wp\/v2\/product\/27570","targetHints":{"allow":["GET"]}}],"collection":[{"href":"https:\/\/kasima3.bcapps.lt\/lv\/wp-json\/wp\/v2\/product"}],"about":[{"href":"https:\/\/kasima3.bcapps.lt\/lv\/wp-json\/wp\/v2\/types\/product"}],"wp:featuredmedia":[{"embeddable":true,"href":"https:\/\/kasima3.bcapps.lt\/lv\/wp-json\/wp\/v2\/media\/27557"}],"wp:attachment":[{"href":"https:\/\/kasima3.bcapps.lt\/lv\/wp-json\/wp\/v2\/media?parent=27570"}],"wp:term":[{"taxonomy":"product_brand","embeddable":true,"href":"https:\/\/kasima3.bcapps.lt\/lv\/wp-json\/wp\/v2\/product_brand?post=27570"},{"taxonomy":"product_cat","embeddable":true,"href":"https:\/\/kasima3.bcapps.lt\/lv\/wp-json\/wp\/v2\/product_cat?post=27570"},{"taxonomy":"product_tag","embeddable":true,"href":"https:\/\/kasima3.bcapps.lt\/lv\/wp-json\/wp\/v2\/product_tag?post=27570"}],"curies":[{"name":"wp","href":"https:\/\/api.w.org\/{rel}","templated":true}]}}